{"id":6,"date":"2022-02-03T20:31:03","date_gmt":"2022-02-03T19:31:03","guid":{"rendered":"https:\/\/educacion.udd.cl\/centro-practicas\/?page_id=6"},"modified":"2026-03-02T10:00:17","modified_gmt":"2026-03-02T13:00:17","slug":"formacion-practica","status":"publish","type":"page","link":"https:\/\/educacion.udd.cl\/practicas-en-terreno\/formacion-practica\/","title":{"rendered":"Modelo de Formaci\u00f3n"},"content":{"rendered":"\n<p>La <strong>Facultad de Educaci\u00f3n de la UDD <\/strong>ha desarrollado un <strong>Modelo de Formaci\u00f3n Pr\u00e1ctica<\/strong> que responde directamente a la concreci\u00f3n de nuestra misi\u00f3n, de formar <strong>educadores de excelencia, <\/strong>expertos en <strong>pr\u00e1cticas pedag\u00f3gicas, <\/strong>capaces de gestionar de forma<strong> efectiva el aula<\/strong> y de liderar experiencias educativas de <strong>alto desaf\u00edo intelectual, innovadoras e inclusivas,<\/strong> en base a una s\u00f3lida \u00e9tica profesional.<\/p>\n\n\n<section class=\"wp-block-udd-text-row block--bg-gray\">\n\t<div class=\"text-row\">\n\t\t<div class=\"text-row__content\">\n\t\t\t<div class=\"text-row__content-inner text\">\n\t\t\t\t\t\t\t\t\n<p>Para su creaci\u00f3n, hemos tomado como referentes lo desarrollado <strong>por prestigiosas instituciones <\/strong>extranjeras, como la <a href=\"https:\/\/umich.edu\/\">Universidad de Michigan<\/a> y su centro <a href=\"http:\/\/www.teachingworks.org\/\">TeachingWorks<\/a>, en la l\u00ednea de un curr\u00edculum <strong>centrado en la pr\u00e1ctica. <\/strong>Adem\u00e1s hemos considerado la <strong>reciente l\u00ednea de investigaci\u00f3n<\/strong> en torno a<em> core practices<\/em>, oportunidades de aproximaci\u00f3n a la pr\u00e1ctica y <em>lifelong learning<\/em> en la formaci\u00f3n de profesores. De igual manera, los equipos de la Facultad <strong>trabajan en contacto directo con acad\u00e9micos <\/strong>de centros de estudio especializados en la <strong>formaci\u00f3n de profesores.<\/strong><\/p>\n\t\t\t<\/div>\n\t\t<\/div>\n\t\t<div class=\"text-row__media\">\n\t\t\t<img loading=\"lazy\" decoding=\"async\" width=\"952\" height=\"534\" src=\"https:\/\/educacion.udd.cl\/practicas-en-terreno\/files\/2024\/03\/abril-680x382.jpg\" class=\"text-row__media-image lazyload\" alt=\"\" sizes=\"auto, (max-width: 952px) 100vw, 952px\" data-src=\"https:\/\/educacion.udd.cl\/practicas-en-terreno\/files\/2024\/03\/abril-952x534.jpg\" data-srcset=\"https:\/\/educacion.udd.cl\/practicas-en-terreno\/files\/2024\/03\/abril-952x534.jpg 952w, https:\/\/educacion.udd.cl\/practicas-en-terreno\/files\/2024\/03\/abril-1366x768.jpg 1366w, https:\/\/educacion.udd.cl\/practicas-en-terreno\/files\/2024\/03\/abril-680x382.jpg 680w\" \/>\t\t<\/div>\n\t<\/div>\n<\/section>\n\n\n<section class=\"wp-block-udd-text-row block--content-align-right block--bg-gray\">\n\t<div class=\"text-row\">\n\t\t<div class=\"text-row__content\">\n\t\t\t<div class=\"text-row__content-inner text\">\n\t\t\t\t\t\t\t\t\n<p>Este modelo define que la formaci\u00f3n pr\u00e1ctica<strong> no quede recluida s\u00f3lo a las experiencias <\/strong>de inmersi\u00f3n del estudiante en contextos educativos o \u201cterreno\u201d, sino que debe estar<strong> entrelazada con los espacios propios del \u00e1mbito universitario, <\/strong>tomando mayor protagonismo en los distintos contextos de formaci\u00f3n y <strong>permeando el plan de estudios, <\/strong>permitiendo as\u00ed alcanzar el perfil de egreso para cada una de nuestras cinco carreras de pregrado: <strong>Pedagog\u00eda en Educaci\u00f3n de P\u00e1rvulos, Pedagog\u00eda en Educaci\u00f3n B\u00e1sica con menciones, Programa de Formaci\u00f3n Pedag\u00f3gica para Licenciados y Profesionales en Educaci\u00f3n Media con menci\u00f3n, Programa de Formaci\u00f3n Pedag\u00f3gica en Educaci\u00f3n B\u00e1sica y en Educaci\u00f3n Especial.<\/strong><\/p>\n\n<p><a href=\"https:\/\/educacion.udd.cl\/files\/2026\/02\/modelo_formacion_practica_feudd.pdf\">Accede al Modelo de Formaci\u00f3n Pr\u00e1ctica UDD. <\/a><\/p>\n\t\t\t<\/div>\n\t\t<\/div>\n\t\t<div class=\"text-row__media\">\n\t\t\t<img loading=\"lazy\" decoding=\"async\" width=\"952\" height=\"534\" src=\"https:\/\/educacion.udd.cl\/practicas-en-terreno\/files\/2024\/03\/diciembre-680x382.jpg\" class=\"text-row__media-image lazyload\" alt=\"\" sizes=\"auto, (max-width: 952px) 100vw, 952px\" data-src=\"https:\/\/educacion.udd.cl\/practicas-en-terreno\/files\/2024\/03\/diciembre-952x534.jpg\" data-srcset=\"https:\/\/educacion.udd.cl\/practicas-en-terreno\/files\/2024\/03\/diciembre-952x534.jpg 952w, https:\/\/educacion.udd.cl\/practicas-en-terreno\/files\/2024\/03\/diciembre-1366x768.jpg 1366w, https:\/\/educacion.udd.cl\/practicas-en-terreno\/files\/2024\/03\/diciembre-680x382.jpg 680w\" \/>\t\t<\/div>\n\t<\/div>\n<\/section>\n\n\n<section class=\"wp-block-udd-videos-row\">\n\t<div class=\"videos-row container\">\n\t\t\t\t<header class=\"block__header\">\n\t\t\t\t\t\t<h2 class=\"block__title\">\n\t\t\t\tFormaci\u00f3n pr\u00e1ctica\t\t\t<\/h2>\n\t\t\t\t\t\t\t\t<\/header>\n\t\t\t\t\t\t<div class=\"row videos-row__videos\">\n\t\t\t<article class=\"udd-video\">\n\t<a href=\"https:\/\/youtu.be\/RBwRIBSG-5k\" class=\"js-udd-video-modal udd-video__link\" data-video-id=\"RBwRIBSG-5k\">\n\t\t<span class=\"udd-video__label\"><svg class=\"svg-video-dims\"><use xlink:href='https:\/\/educacion.udd.cl\/practicas-en-terreno\/wp-content\/themes\/facultades-2018\/assets\/img\/svg\/dist\/main.svg?version=1695853099#video'><\/use><\/svg> Ver video<\/span>\n\t\t<h3 class=\"udd-video__title\">\n\t\t\tFormaci\u00f3n pr\u00e1ctica de Facultad de Educaci\u00f3n UDD\t\t<\/h3>\n\t\t<span class=\"udd-video__image-container\"><img decoding=\"async\" src=\"https:\/\/i.ytimg.com\/vi\/RBwRIBSG-5k\/hqdefault.jpg\" loading=\"lazy\" alt=\"Formaci\u00f3n pr\u00e1ctica de Facultad de Educaci\u00f3n UDD\" class=\"udd-video__image\" alt=\"Previsualizaci\u00f3n de &#039;Formaci\u00f3n pr\u00e1ctica de Facultad de Educaci\u00f3n UDD&#039;\"><\/span>\t<\/a>\n<\/article>\n<article class=\"udd-video\">\n\t<a href=\"https:\/\/www.youtube.com\/watch?v=uxsQrP3amuY\" class=\"js-udd-video-modal udd-video__link\" data-video-id=\"uxsQrP3amuY\">\n\t\t<span class=\"udd-video__label\"><svg class=\"svg-video-dims\"><use xlink:href='https:\/\/educacion.udd.cl\/practicas-en-terreno\/wp-content\/themes\/facultades-2018\/assets\/img\/svg\/dist\/main.svg?version=1695853099#video'><\/use><\/svg> Ver video<\/span>\n\t\t<h3 class=\"udd-video__title\">\n\t\t\tModelo de Formaci\u00f3n Pr\u00e1ctica &#8211; Educaci\u00f3n UDD\t\t<\/h3>\n\t\t<span class=\"udd-video__image-container\"><img decoding=\"async\" src=\"https:\/\/i.ytimg.com\/vi\/uxsQrP3amuY\/hqdefault.jpg\" loading=\"lazy\" alt=\"Modelo de Formaci\u00f3n Pr\u00e1ctica - Educaci\u00f3n UDD\" class=\"udd-video__image\" alt=\"Previsualizaci\u00f3n de &#039;Modelo de Formaci\u00f3n Pr\u00e1ctica - Educaci\u00f3n UDD&#039;\"><\/span>\t<\/a>\n<\/article>\n<article class=\"udd-video\">\n\t<a href=\"https:\/\/www.youtube.com\/watch?v=Agh7BRz1ulE\" class=\"js-udd-video-modal udd-video__link\" data-video-id=\"Agh7BRz1ulE\">\n\t\t<span class=\"udd-video__label\"><svg class=\"svg-video-dims\"><use xlink:href='https:\/\/educacion.udd.cl\/practicas-en-terreno\/wp-content\/themes\/facultades-2018\/assets\/img\/svg\/dist\/main.svg?version=1695853099#video'><\/use><\/svg> Ver video<\/span>\n\t\t<h3 class=\"udd-video__title\">\n\t\t\tSimulaci\u00f3n Pedagog\u00eda en Educaci\u00f3n B\u00e1sica con menci\u00f3n Ingl\u00e9s &#8211; Educaci\u00f3n UDD\t\t<\/h3>\n\t\t<span class=\"udd-video__image-container\"><img decoding=\"async\" src=\"https:\/\/i.ytimg.com\/vi\/Agh7BRz1ulE\/hqdefault.jpg\" loading=\"lazy\" alt=\"Simulaci\u00f3n Pedagog\u00eda en Educaci\u00f3n B\u00e1sica con menci\u00f3n Ingl\u00e9s - Educaci\u00f3n UDD\" class=\"udd-video__image\" alt=\"Previsualizaci\u00f3n de &#039;Simulaci\u00f3n Pedagog\u00eda en Educaci\u00f3n B\u00e1sica con menci\u00f3n Ingl\u00e9s - Educaci\u00f3n UDD&#039;\"><\/span>\t<\/a>\n<\/article>\n<article class=\"udd-video\">\n\t<a href=\"https:\/\/youtu.be\/ODvsf5y849M\" class=\"js-udd-video-modal udd-video__link\" data-video-id=\"ODvsf5y849M\">\n\t\t<span class=\"udd-video__label\"><svg class=\"svg-video-dims\"><use xlink:href='https:\/\/educacion.udd.cl\/practicas-en-terreno\/wp-content\/themes\/facultades-2018\/assets\/img\/svg\/dist\/main.svg?version=1695853099#video'><\/use><\/svg> Ver video<\/span>\n\t\t<h3 class=\"udd-video__title\">\n\t\t\tVinculaci\u00f3n con centros de pr\u00e1cticas &#8211; Facultad de Educaci\u00f3n UDD\t\t<\/h3>\n\t\t<span class=\"udd-video__image-container\"><img decoding=\"async\" src=\"https:\/\/i.ytimg.com\/vi\/ODvsf5y849M\/hqdefault.jpg\" loading=\"lazy\" alt=\"Vinculaci\u00f3n con centros de pr\u00e1cticas - Facultad de Educaci\u00f3n UDD\" class=\"udd-video__image\" alt=\"Previsualizaci\u00f3n de &#039;Vinculaci\u00f3n con centros de pr\u00e1cticas - Facultad de Educaci\u00f3n UDD&#039;\"><\/span>\t<\/a>\n<\/article>\n<article class=\"udd-video\">\n\t<a href=\"https:\/\/youtu.be\/DQQU4pu4n2g\" class=\"js-udd-video-modal udd-video__link\" data-video-id=\"DQQU4pu4n2g\">\n\t\t<span class=\"udd-video__label\"><svg class=\"svg-video-dims\"><use xlink:href='https:\/\/educacion.udd.cl\/practicas-en-terreno\/wp-content\/themes\/facultades-2018\/assets\/img\/svg\/dist\/main.svg?version=1695853099#video'><\/use><\/svg> Ver video<\/span>\n\t\t<h3 class=\"udd-video__title\">\n\t\t\t\u00bfQu\u00e9 significa ser profesor colaborador? &#8211; Facultad de Educaci\u00f3n UDD\t\t<\/h3>\n\t\t<span class=\"udd-video__image-container\"><img decoding=\"async\" src=\"https:\/\/i.ytimg.com\/vi\/DQQU4pu4n2g\/hqdefault.jpg\" loading=\"lazy\" alt=\"\u00bfQu\u00e9 significa ser profesor colaborador? - Facultad de Educaci\u00f3n UDD\" class=\"udd-video__image\" alt=\"Previsualizaci\u00f3n de &#039;\u00bfQu\u00e9 significa ser profesor colaborador? - Facultad de Educaci\u00f3n UDD&#039;\"><\/span>\t<\/a>\n<\/article>\n<article class=\"udd-video\">\n\t<a href=\"https:\/\/youtu.be\/bAmGeb2b7WU\" class=\"js-udd-video-modal udd-video__link\" data-video-id=\"bAmGeb2b7WU\">\n\t\t<span class=\"udd-video__label\"><svg class=\"svg-video-dims\"><use xlink:href='https:\/\/educacion.udd.cl\/practicas-en-terreno\/wp-content\/themes\/facultades-2018\/assets\/img\/svg\/dist\/main.svg?version=1695853099#video'><\/use><\/svg> Ver video<\/span>\n\t\t<h3 class=\"udd-video__title\">\n\t\t\t\u00a1Formaci\u00f3n pr\u00e1ctica como un importante pilar! &#8211; Facultad de Educaci\u00f3n UDD\t\t<\/h3>\n\t\t<span class=\"udd-video__image-container\"><img decoding=\"async\" src=\"https:\/\/i.ytimg.com\/vi\/bAmGeb2b7WU\/hqdefault.jpg\" loading=\"lazy\" alt=\"\u00a1Formaci\u00f3n pr\u00e1ctica como un importante pilar! - Facultad de Educaci\u00f3n UDD\" class=\"udd-video__image\" alt=\"Previsualizaci\u00f3n de &#039;\u00a1Formaci\u00f3n pr\u00e1ctica como un importante pilar! - Facultad de Educaci\u00f3n UDD&#039;\"><\/span>\t<\/a>\n<\/article>\n<article class=\"udd-video\">\n\t<a href=\"https:\/\/youtu.be\/AUSnoBQFLJ4\" class=\"js-udd-video-modal udd-video__link\" data-video-id=\"AUSnoBQFLJ4\">\n\t\t<span class=\"udd-video__label\"><svg class=\"svg-video-dims\"><use xlink:href='https:\/\/educacion.udd.cl\/practicas-en-terreno\/wp-content\/themes\/facultades-2018\/assets\/img\/svg\/dist\/main.svg?version=1695853099#video'><\/use><\/svg> Ver video<\/span>\n\t\t<h3 class=\"udd-video__title\">\n\t\t\tPr\u00e1cticas disponibles para estudiantes &#8211; Facultad de Educaci\u00f3n UDD\t\t<\/h3>\n\t\t<span class=\"udd-video__image-container\"><img decoding=\"async\" src=\"https:\/\/i.ytimg.com\/vi\/AUSnoBQFLJ4\/hqdefault.jpg\" loading=\"lazy\" alt=\"Pr\u00e1cticas disponibles para estudiantes - Facultad de Educaci\u00f3n UDD\" class=\"udd-video__image\" alt=\"Previsualizaci\u00f3n de &#039;Pr\u00e1cticas disponibles para estudiantes - Facultad de Educaci\u00f3n UDD&#039;\"><\/span>\t<\/a>\n<\/article>\n<article class=\"udd-video\">\n\t<a href=\"https:\/\/www.youtube.com\/watch?v=ZEbK9fy7Ywo\" class=\"js-udd-video-modal udd-video__link\" data-video-id=\"ZEbK9fy7Ywo\">\n\t\t<span class=\"udd-video__label\"><svg class=\"svg-video-dims\"><use xlink:href='https:\/\/educacion.udd.cl\/practicas-en-terreno\/wp-content\/themes\/facultades-2018\/assets\/img\/svg\/dist\/main.svg?version=1695853099#video'><\/use><\/svg> Ver video<\/span>\n\t\t<h3 class=\"udd-video__title\">\n\t\t\tSimulaci\u00f3n para el curso de Literatura Infantil &#8211; Formaci\u00f3n Pr\u00e1ctica Educaci\u00f3n UDD\t\t<\/h3>\n\t\t<span class=\"udd-video__image-container\"><img decoding=\"async\" src=\"https:\/\/i.ytimg.com\/vi\/ZEbK9fy7Ywo\/hqdefault.jpg\" loading=\"lazy\" alt=\"Simulaci\u00f3n para el curso de Literatura Infantil - Formaci\u00f3n Pr\u00e1ctica Educaci\u00f3n UDD\" class=\"udd-video__image\" alt=\"Previsualizaci\u00f3n de &#039;Simulaci\u00f3n para el curso de Literatura Infantil - Formaci\u00f3n Pr\u00e1ctica Educaci\u00f3n UDD&#039;\"><\/span>\t<\/a>\n<\/article>\n\t\t<\/div>\n\t\t\t<\/div>\n<\/section>\n","protected":false},"excerpt":{"rendered":"<p>La Facultad de Educaci\u00f3n de la UDD ha desarrollado un Modelo de Formaci\u00f3n Pr\u00e1ctica que responde directamente a la concreci\u00f3n de nuestra misi\u00f3n, de formar educadores de excelencia, expertos en pr\u00e1cticas pedag\u00f3gicas, capaces de gestionar de forma efectiva el aula y de liderar experiencias educativas de alto desaf\u00edo intelectual, innovadoras e inclusivas, en base a [&hellip;]<\/p>\n","protected":false},"author":22,"featured_media":0,"parent":0,"menu_order":0,"comment_status":"closed","ping_status":"closed","template":"","meta":{"footnotes":""},"class_list":["post-6","page","type-page","status-publish","hentry"],"yoast_head":"<!-- This site is optimized with the Yoast SEO plugin v26.9 - https:\/\/yoast.com\/product\/yoast-seo-wordpress\/ -->\n<title>Modelo de Formaci\u00f3n - Pr\u00e1cticas en terreno | Facultad de Educaci\u00f3n UDD<\/title>\n<meta name=\"robots\" content=\"index, follow, max-snippet:-1, max-image-preview:large, max-video-preview:-1\" \/>\n<link rel=\"canonical\" href=\"https:\/\/educacion.udd.cl\/practicas-en-terreno\/formacion-practica\/\" \/>\n<meta property=\"og:locale\" content=\"es_ES\" \/>\n<meta property=\"og:type\" content=\"article\" \/>\n<meta property=\"og:title\" content=\"Modelo de Formaci\u00f3n - Pr\u00e1cticas en terreno | Facultad de Educaci\u00f3n UDD\" \/>\n<meta property=\"og:description\" content=\"La Facultad de Educaci\u00f3n de la UDD ha desarrollado un Modelo de Formaci\u00f3n Pr\u00e1ctica que responde directamente a la concreci\u00f3n de nuestra misi\u00f3n, de formar educadores de excelencia, expertos en pr\u00e1cticas pedag\u00f3gicas, capaces de gestionar de forma efectiva el aula y de liderar experiencias educativas de alto desaf\u00edo intelectual, innovadoras e inclusivas, en base a [&hellip;]\" \/>\n<meta property=\"og:url\" content=\"https:\/\/educacion.udd.cl\/practicas-en-terreno\/formacion-practica\/\" \/>\n<meta property=\"og:site_name\" content=\"Pr\u00e1cticas en terreno | Facultad de Educaci\u00f3n UDD\" \/>\n<meta property=\"article:modified_time\" content=\"2026-03-02T13:00:17+00:00\" \/>\n<meta property=\"og:image\" content=\"https:\/\/educacion.udd.cl\/practicas-en-terreno\/files\/2024\/03\/abril-scaled.jpg\" \/>\n<meta name=\"twitter:card\" content=\"summary_large_image\" \/>\n<meta name=\"twitter:label1\" content=\"Tiempo de lectura\" \/>\n\t<meta name=\"twitter:data1\" content=\"4 minutos\" \/>\n<script type=\"application\/ld+json\" class=\"yoast-schema-graph\">{\"@context\":\"https:\/\/schema.org\",\"@graph\":[{\"@type\":\"WebPage\",\"@id\":\"https:\/\/educacion.udd.cl\/practicas-en-terreno\/formacion-practica\/\",\"url\":\"https:\/\/educacion.udd.cl\/practicas-en-terreno\/formacion-practica\/\",\"name\":\"Modelo de Formaci\u00f3n - Pr\u00e1cticas en terreno | Facultad de Educaci\u00f3n UDD\",\"isPartOf\":{\"@id\":\"https:\/\/educacion.udd.cl\/practicas-en-terreno\/#website\"},\"primaryImageOfPage\":{\"@id\":\"https:\/\/educacion.udd.cl\/practicas-en-terreno\/formacion-practica\/#primaryimage\"},\"image\":{\"@id\":\"https:\/\/educacion.udd.cl\/practicas-en-terreno\/formacion-practica\/#primaryimage\"},\"thumbnailUrl\":\"https:\/\/educacion.udd.cl\/practicas-en-terreno\/files\/2024\/03\/abril-scaled.jpg\",\"datePublished\":\"2022-02-03T19:31:03+00:00\",\"dateModified\":\"2026-03-02T13:00:17+00:00\",\"breadcrumb\":{\"@id\":\"https:\/\/educacion.udd.cl\/practicas-en-terreno\/formacion-practica\/#breadcrumb\"},\"inLanguage\":\"es\",\"potentialAction\":[{\"@type\":\"ReadAction\",\"target\":[\"https:\/\/educacion.udd.cl\/practicas-en-terreno\/formacion-practica\/\"]}]},{\"@type\":\"ImageObject\",\"inLanguage\":\"es\",\"@id\":\"https:\/\/educacion.udd.cl\/practicas-en-terreno\/formacion-practica\/#primaryimage\",\"url\":\"https:\/\/educacion.udd.cl\/practicas-en-terreno\/files\/2024\/03\/abril-scaled.jpg\",\"contentUrl\":\"https:\/\/educacion.udd.cl\/practicas-en-terreno\/files\/2024\/03\/abril-scaled.jpg\",\"width\":2560,\"height\":1707,\"caption\":\"Registro Fotogr\u00e1fico de las alumnas de la carrera de P\u00e1rvulos UDD en el Colegio Masai de Buin. En Santiago:11\/05\/2023. Fot\u00f3grafo: Valentino Saldivar.\"},{\"@type\":\"BreadcrumbList\",\"@id\":\"https:\/\/educacion.udd.cl\/practicas-en-terreno\/formacion-practica\/#breadcrumb\",\"itemListElement\":[{\"@type\":\"ListItem\",\"position\":1,\"name\":\"Portada\",\"item\":\"https:\/\/educacion.udd.cl\/practicas-en-terreno\/\"},{\"@type\":\"ListItem\",\"position\":2,\"name\":\"Modelo de Formaci\u00f3n\"}]},{\"@type\":\"WebSite\",\"@id\":\"https:\/\/educacion.udd.cl\/practicas-en-terreno\/#website\",\"url\":\"https:\/\/educacion.udd.cl\/practicas-en-terreno\/\",\"name\":\"Pr\u00e1cticas en terreno | Facultad de Educaci\u00f3n UDD\",\"description\":\"Facultad de Educaci\u00f3n UDD\",\"inLanguage\":\"es\"}]}<\/script>\n<!-- \/ Yoast SEO plugin. -->","yoast_head_json":{"title":"Modelo de Formaci\u00f3n - Pr\u00e1cticas en terreno | Facultad de Educaci\u00f3n UDD","robots":{"index":"index","follow":"follow","max-snippet":"max-snippet:-1","max-image-preview":"max-image-preview:large","max-video-preview":"max-video-preview:-1"},"canonical":"https:\/\/educacion.udd.cl\/practicas-en-terreno\/formacion-practica\/","og_locale":"es_ES","og_type":"article","og_title":"Modelo de Formaci\u00f3n - Pr\u00e1cticas en terreno | Facultad de Educaci\u00f3n UDD","og_description":"La Facultad de Educaci\u00f3n de la UDD ha desarrollado un Modelo de Formaci\u00f3n Pr\u00e1ctica que responde directamente a la concreci\u00f3n de nuestra misi\u00f3n, de formar educadores de excelencia, expertos en pr\u00e1cticas pedag\u00f3gicas, capaces de gestionar de forma efectiva el aula y de liderar experiencias educativas de alto desaf\u00edo intelectual, innovadoras e inclusivas, en base a [&hellip;]","og_url":"https:\/\/educacion.udd.cl\/practicas-en-terreno\/formacion-practica\/","og_site_name":"Pr\u00e1cticas en terreno | Facultad de Educaci\u00f3n UDD","article_modified_time":"2026-03-02T13:00:17+00:00","og_image":[{"url":"https:\/\/educacion.udd.cl\/practicas-en-terreno\/files\/2024\/03\/abril-scaled.jpg","type":"","width":"","height":""}],"twitter_card":"summary_large_image","twitter_misc":{"Tiempo de lectura":"4 minutos"},"schema":{"@context":"https:\/\/schema.org","@graph":[{"@type":"WebPage","@id":"https:\/\/educacion.udd.cl\/practicas-en-terreno\/formacion-practica\/","url":"https:\/\/educacion.udd.cl\/practicas-en-terreno\/formacion-practica\/","name":"Modelo de Formaci\u00f3n - Pr\u00e1cticas en terreno | Facultad de Educaci\u00f3n UDD","isPartOf":{"@id":"https:\/\/educacion.udd.cl\/practicas-en-terreno\/#website"},"primaryImageOfPage":{"@id":"https:\/\/educacion.udd.cl\/practicas-en-terreno\/formacion-practica\/#primaryimage"},"image":{"@id":"https:\/\/educacion.udd.cl\/practicas-en-terreno\/formacion-practica\/#primaryimage"},"thumbnailUrl":"https:\/\/educacion.udd.cl\/practicas-en-terreno\/files\/2024\/03\/abril-scaled.jpg","datePublished":"2022-02-03T19:31:03+00:00","dateModified":"2026-03-02T13:00:17+00:00","breadcrumb":{"@id":"https:\/\/educacion.udd.cl\/practicas-en-terreno\/formacion-practica\/#breadcrumb"},"inLanguage":"es","potentialAction":[{"@type":"ReadAction","target":["https:\/\/educacion.udd.cl\/practicas-en-terreno\/formacion-practica\/"]}]},{"@type":"ImageObject","inLanguage":"es","@id":"https:\/\/educacion.udd.cl\/practicas-en-terreno\/formacion-practica\/#primaryimage","url":"https:\/\/educacion.udd.cl\/practicas-en-terreno\/files\/2024\/03\/abril-scaled.jpg","contentUrl":"https:\/\/educacion.udd.cl\/practicas-en-terreno\/files\/2024\/03\/abril-scaled.jpg","width":2560,"height":1707,"caption":"Registro Fotogr\u00e1fico de las alumnas de la carrera de P\u00e1rvulos UDD en el Colegio Masai de Buin. En Santiago:11\/05\/2023. Fot\u00f3grafo: Valentino Saldivar."},{"@type":"BreadcrumbList","@id":"https:\/\/educacion.udd.cl\/practicas-en-terreno\/formacion-practica\/#breadcrumb","itemListElement":[{"@type":"ListItem","position":1,"name":"Portada","item":"https:\/\/educacion.udd.cl\/practicas-en-terreno\/"},{"@type":"ListItem","position":2,"name":"Modelo de Formaci\u00f3n"}]},{"@type":"WebSite","@id":"https:\/\/educacion.udd.cl\/practicas-en-terreno\/#website","url":"https:\/\/educacion.udd.cl\/practicas-en-terreno\/","name":"Pr\u00e1cticas en terreno | Facultad de Educaci\u00f3n UDD","description":"Facultad de Educaci\u00f3n UDD","inLanguage":"es"}]}},"_links":{"self":[{"href":"https:\/\/educacion.udd.cl\/practicas-en-terreno\/wp-json\/wp\/v2\/pages\/6","targetHints":{"allow":["GET"]}}],"collection":[{"href":"https:\/\/educacion.udd.cl\/practicas-en-terreno\/wp-json\/wp\/v2\/pages"}],"about":[{"href":"https:\/\/educacion.udd.cl\/practicas-en-terreno\/wp-json\/wp\/v2\/types\/page"}],"author":[{"embeddable":true,"href":"https:\/\/educacion.udd.cl\/practicas-en-terreno\/wp-json\/wp\/v2\/users\/22"}],"replies":[{"embeddable":true,"href":"https:\/\/educacion.udd.cl\/practicas-en-terreno\/wp-json\/wp\/v2\/comments?post=6"}],"version-history":[{"count":17,"href":"https:\/\/educacion.udd.cl\/practicas-en-terreno\/wp-json\/wp\/v2\/pages\/6\/revisions"}],"predecessor-version":[{"id":2634,"href":"https:\/\/educacion.udd.cl\/practicas-en-terreno\/wp-json\/wp\/v2\/pages\/6\/revisions\/2634"}],"wp:attachment":[{"href":"https:\/\/educacion.udd.cl\/practicas-en-terreno\/wp-json\/wp\/v2\/media?parent=6"}],"curies":[{"name":"wp","href":"https:\/\/api.w.org\/{rel}","templated":true}]}}