{"id":5,"date":"2022-02-03T20:31:03","date_gmt":"2022-02-03T19:31:03","guid":{"rendered":"https:\/\/educacion.udd.cl\/centro-practicas\/?page_id=5"},"modified":"2025-12-24T10:30:25","modified_gmt":"2025-12-24T13:30:25","slug":"practicas-durante-la-carrera","status":"publish","type":"page","link":"https:\/\/educacion.udd.cl\/practicas-en-terreno\/practicas-durante-la-carrera\/","title":{"rendered":"Pr\u00e1cticas durante la carrera"},"content":{"rendered":"\n<p>A lo largo de las carreras de pregrado de la Facultad de Educaci\u00f3n UDD, los estudiantes deben realizan distintas pr\u00e1cticas en terrero, cada una con focos espec\u00edficos, en distintas dependencias y relacionadas con las menciones que escoja cada alumnos.<\/p>\n\n\n\n<p>En el caso de los programas de formaci\u00f3n pedag\u00f3gica, los estudiantes que se encuentren desempe\u00f1ando labores docentes en un establecimiento educacional podr\u00e1n desarrollar sus pr\u00e1cticas en el mismo centro donde trabajan, siempre que este cumpla con los requisitos establecidos por la Universidad para la formaci\u00f3n pr\u00e1ctica. Esta modalidad permite articular la experiencia laboral del estudiante con su proceso formativo, resguardando los criterios acad\u00e9micos y de calidad definidos para las pr\u00e1cticas durante la carrera.<\/p>\n\n\n\n<figure class=\"wp-block-embed aligncenter is-type-video is-provider-youtube wp-block-embed-youtube wp-embed-aspect-16-9 wp-has-aspect-ratio\"><div class=\"wp-block-embed__wrapper\">\n<iframe loading=\"lazy\" title=\"PEP UDD | Pr\u00e1cticas desde el primer a\u00f1o\" width=\"500\" height=\"281\" src=\"https:\/\/www.youtube.com\/embed\/5ed5lHQ0O18?feature=oembed\" frameborder=\"0\" allow=\"accelerometer; autoplay; clipboard-write; encrypted-media; gyroscope; picture-in-picture; web-share\" referrerpolicy=\"strict-origin-when-cross-origin\" allowfullscreen><\/iframe>\n<\/div><\/figure>\n\n\n\n<p>Adem\u00e1s, la Facultad ofrece la oportunidad de realizar pr\u00e1cticas complementarias a la malla curricular, en contextos distintos, como colegios extranjeros y establecimientos rurales de nuestro pa\u00eds. <\/p>\n\n\n<!-- WP Block: UDD - Access Image -->\n<section class=\"wp-block-udd-access-image\n is-style-compact has-odd-elements has-3x-elements\">\n\t<div class=\"container\">\n\t\t\t\t<div class=\"block__content\">\n\t\t\t<div class=\"access-images\">\n\t\t\t\t\t\t\t<div class=\"access-image-wrapper\">\n\t\t\t\t\t<a href=\"https:\/\/educacion.udd.cl\/carreras\/\" data-url=\"https:\/\/educacion.udd.cl\/carreras\/\" class=\"access-image\">\n\t\t\t\t\t<img loading=\"lazy\" decoding=\"async\" width=\"680\" height=\"382\" src=\"https:\/\/educacion.udd.cl\/practicas-en-terreno\/files\/2025\/01\/colegio_lo_barnechea-0103-680x382.jpg\" class=\"access-image__image lazyload\" alt=\"\" sizes=\"auto, (max-width: 680px) 100vw, 680px\" data-src=\"https:\/\/educacion.udd.cl\/practicas-en-terreno\/files\/2025\/01\/colegio_lo_barnechea-0103-680x382.jpg\" data-srcset=\"https:\/\/educacion.udd.cl\/practicas-en-terreno\/files\/2025\/01\/colegio_lo_barnechea-0103-680x382.jpg 680w, https:\/\/educacion.udd.cl\/practicas-en-terreno\/files\/2025\/01\/colegio_lo_barnechea-0103-1920x1080.jpg 1920w, https:\/\/educacion.udd.cl\/practicas-en-terreno\/files\/2025\/01\/colegio_lo_barnechea-0103-1366x768.jpg 1366w, https:\/\/educacion.udd.cl\/practicas-en-terreno\/files\/2025\/01\/colegio_lo_barnechea-0103-952x534.jpg 952w\" \/>\t\t\t\t\t\t<div class=\"access-image__content\">\n\t\t\t\t\t\t\t<h3 class=\"access-image__title\">Pr\u00e1cticas dentro de las mallas curriculares<\/h3>\n\t\t\t\t\t\t\t<span class=\"access-image__action\">Conocer m\u00e1s<\/span>\n\t\t\t\t\t\t<\/div>\n\t\t\t\t\t<\/a>\n\t\t\t\t<\/div>\n\t\t\t\t\t\t\t<div class=\"access-image-wrapper\">\n\t\t\t\t\t<a href=\"https:\/\/educacion.udd.cl\/practicas-en-el-extranjero\/\" data-url=\"https:\/\/educacion.udd.cl\/practicas-en-el-extranjero\/\" class=\"access-image\">\n\t\t\t\t\t<img loading=\"lazy\" decoding=\"async\" width=\"680\" height=\"382\" src=\"https:\/\/educacion.udd.cl\/practicas-en-terreno\/files\/2025\/01\/whatsapp-image-2025-01-03-at-11-39-47-680x382.jpeg\" class=\"access-image__image lazyload\" alt=\"\" sizes=\"auto, (max-width: 680px) 100vw, 680px\" data-src=\"https:\/\/educacion.udd.cl\/practicas-en-terreno\/files\/2025\/01\/whatsapp-image-2025-01-03-at-11-39-47-680x382.jpeg\" data-srcset=\"https:\/\/educacion.udd.cl\/practicas-en-terreno\/files\/2025\/01\/whatsapp-image-2025-01-03-at-11-39-47-680x382.jpeg 680w, https:\/\/educacion.udd.cl\/practicas-en-terreno\/files\/2025\/01\/whatsapp-image-2025-01-03-at-11-39-47-1366x768.jpeg 1366w, https:\/\/educacion.udd.cl\/practicas-en-terreno\/files\/2025\/01\/whatsapp-image-2025-01-03-at-11-39-47-952x534.jpeg 952w\" \/>\t\t\t\t\t\t<div class=\"access-image__content\">\n\t\t\t\t\t\t\t<h3 class=\"access-image__title\">Pr\u00e1cticas en el extranjero<\/h3>\n\t\t\t\t\t\t\t<span class=\"access-image__action\">Conocer m\u00e1s<\/span>\n\t\t\t\t\t\t<\/div>\n\t\t\t\t\t<\/a>\n\t\t\t\t<\/div>\n\t\t\t\t\t\t\t<div class=\"access-image-wrapper\">\n\t\t\t\t\t<a href=\"https:\/\/educacion.udd.cl\/practica-rural\/\" data-url=\"https:\/\/educacion.udd.cl\/practica-rural\/\" class=\"access-image\">\n\t\t\t\t\t<img loading=\"lazy\" decoding=\"async\" width=\"680\" height=\"382\" src=\"https:\/\/educacion.udd.cl\/practicas-en-terreno\/files\/2025\/01\/whatsapp-image-2025-01-03-at-11-42-42-680x382.jpeg\" class=\"access-image__image lazyload\" alt=\"\" data-src=\"https:\/\/educacion.udd.cl\/practicas-en-terreno\/files\/2025\/01\/whatsapp-image-2025-01-03-at-11-42-42-680x382.jpeg\" \/>\t\t\t\t\t\t<div class=\"access-image__content\">\n\t\t\t\t\t\t\t<h3 class=\"access-image__title\">Pr\u00e1cticas Rurales<\/h3>\n\t\t\t\t\t\t\t<span class=\"access-image__action\">Conocer m\u00e1s<\/span>\n\t\t\t\t\t\t<\/div>\n\t\t\t\t\t<\/a>\n\t\t\t\t<\/div>\n\t\t\t\t\t<\/div>\n\t<\/div>\n<\/section>\n\n\n\n<figure class=\"wp-block-embed aligncenter is-type-video is-provider-youtube wp-block-embed-youtube wp-embed-aspect-16-9 wp-has-aspect-ratio\"><div class=\"wp-block-embed__wrapper\">\n<iframe loading=\"lazy\" title=\"Pr\u00e1cticas Rurales | Educaci\u00f3n UDD\" width=\"500\" height=\"281\" src=\"https:\/\/www.youtube.com\/embed\/MWs0wbRqZ5g?feature=oembed\" frameborder=\"0\" allow=\"accelerometer; autoplay; clipboard-write; encrypted-media; gyroscope; picture-in-picture; web-share\" referrerpolicy=\"strict-origin-when-cross-origin\" allowfullscreen><\/iframe>\n<\/div><\/figure>\n","protected":false},"excerpt":{"rendered":"<p>A lo largo de las carreras de pregrado de la Facultad de Educaci\u00f3n UDD, los estudiantes deben realizan distintas pr\u00e1cticas en terrero, cada una con focos espec\u00edficos, en distintas dependencias y relacionadas con las menciones que escoja cada alumnos. En el caso de los programas de formaci\u00f3n pedag\u00f3gica, los estudiantes que se encuentren desempe\u00f1ando labores [&hellip;]<\/p>\n","protected":false},"author":22,"featured_media":0,"parent":0,"menu_order":0,"comment_status":"closed","ping_status":"closed","template":"","meta":{"footnotes":""},"class_list":["post-5","page","type-page","status-publish","hentry"],"yoast_head":"<!-- This site is optimized with the Yoast SEO plugin v26.9 - https:\/\/yoast.com\/product\/yoast-seo-wordpress\/ -->\n<title>Pr\u00e1cticas durante la carrera - Pr\u00e1cticas en terreno | Facultad de Educaci\u00f3n UDD<\/title>\n<meta name=\"robots\" content=\"index, follow, max-snippet:-1, max-image-preview:large, max-video-preview:-1\" \/>\n<link rel=\"canonical\" href=\"https:\/\/educacion.udd.cl\/practicas-en-terreno\/practicas-durante-la-carrera\/\" \/>\n<meta property=\"og:locale\" content=\"es_ES\" \/>\n<meta property=\"og:type\" content=\"article\" \/>\n<meta property=\"og:title\" content=\"Pr\u00e1cticas durante la carrera - Pr\u00e1cticas en terreno | Facultad de Educaci\u00f3n UDD\" \/>\n<meta property=\"og:description\" content=\"A lo largo de las carreras de pregrado de la Facultad de Educaci\u00f3n UDD, los estudiantes deben realizan distintas pr\u00e1cticas en terrero, cada una con focos espec\u00edficos, en distintas dependencias y relacionadas con las menciones que escoja cada alumnos. En el caso de los programas de formaci\u00f3n pedag\u00f3gica, los estudiantes que se encuentren desempe\u00f1ando labores [&hellip;]\" \/>\n<meta property=\"og:url\" content=\"https:\/\/educacion.udd.cl\/practicas-en-terreno\/practicas-durante-la-carrera\/\" \/>\n<meta property=\"og:site_name\" content=\"Pr\u00e1cticas en terreno | Facultad de Educaci\u00f3n UDD\" \/>\n<meta property=\"article:modified_time\" content=\"2025-12-24T13:30:25+00:00\" \/>\n<meta name=\"twitter:card\" content=\"summary_large_image\" \/>\n<meta name=\"twitter:label1\" content=\"Tiempo de lectura\" \/>\n\t<meta name=\"twitter:data1\" content=\"1 minuto\" \/>\n<script type=\"application\/ld+json\" class=\"yoast-schema-graph\">{\"@context\":\"https:\/\/schema.org\",\"@graph\":[{\"@type\":\"WebPage\",\"@id\":\"https:\/\/educacion.udd.cl\/practicas-en-terreno\/practicas-durante-la-carrera\/\",\"url\":\"https:\/\/educacion.udd.cl\/practicas-en-terreno\/practicas-durante-la-carrera\/\",\"name\":\"Pr\u00e1cticas durante la carrera - Pr\u00e1cticas en terreno | Facultad de Educaci\u00f3n UDD\",\"isPartOf\":{\"@id\":\"https:\/\/educacion.udd.cl\/practicas-en-terreno\/#website\"},\"datePublished\":\"2022-02-03T19:31:03+00:00\",\"dateModified\":\"2025-12-24T13:30:25+00:00\",\"breadcrumb\":{\"@id\":\"https:\/\/educacion.udd.cl\/practicas-en-terreno\/practicas-durante-la-carrera\/#breadcrumb\"},\"inLanguage\":\"es\",\"potentialAction\":[{\"@type\":\"ReadAction\",\"target\":[\"https:\/\/educacion.udd.cl\/practicas-en-terreno\/practicas-durante-la-carrera\/\"]}]},{\"@type\":\"BreadcrumbList\",\"@id\":\"https:\/\/educacion.udd.cl\/practicas-en-terreno\/practicas-durante-la-carrera\/#breadcrumb\",\"itemListElement\":[{\"@type\":\"ListItem\",\"position\":1,\"name\":\"Portada\",\"item\":\"https:\/\/educacion.udd.cl\/practicas-en-terreno\/\"},{\"@type\":\"ListItem\",\"position\":2,\"name\":\"Pr\u00e1cticas durante la carrera\"}]},{\"@type\":\"WebSite\",\"@id\":\"https:\/\/educacion.udd.cl\/practicas-en-terreno\/#website\",\"url\":\"https:\/\/educacion.udd.cl\/practicas-en-terreno\/\",\"name\":\"Pr\u00e1cticas en terreno | Facultad de Educaci\u00f3n UDD\",\"description\":\"Facultad de Educaci\u00f3n UDD\",\"inLanguage\":\"es\"}]}<\/script>\n<!-- \/ Yoast SEO plugin. -->","yoast_head_json":{"title":"Pr\u00e1cticas durante la carrera - Pr\u00e1cticas en terreno | Facultad de Educaci\u00f3n UDD","robots":{"index":"index","follow":"follow","max-snippet":"max-snippet:-1","max-image-preview":"max-image-preview:large","max-video-preview":"max-video-preview:-1"},"canonical":"https:\/\/educacion.udd.cl\/practicas-en-terreno\/practicas-durante-la-carrera\/","og_locale":"es_ES","og_type":"article","og_title":"Pr\u00e1cticas durante la carrera - Pr\u00e1cticas en terreno | Facultad de Educaci\u00f3n UDD","og_description":"A lo largo de las carreras de pregrado de la Facultad de Educaci\u00f3n UDD, los estudiantes deben realizan distintas pr\u00e1cticas en terrero, cada una con focos espec\u00edficos, en distintas dependencias y relacionadas con las menciones que escoja cada alumnos. En el caso de los programas de formaci\u00f3n pedag\u00f3gica, los estudiantes que se encuentren desempe\u00f1ando labores [&hellip;]","og_url":"https:\/\/educacion.udd.cl\/practicas-en-terreno\/practicas-durante-la-carrera\/","og_site_name":"Pr\u00e1cticas en terreno | Facultad de Educaci\u00f3n UDD","article_modified_time":"2025-12-24T13:30:25+00:00","twitter_card":"summary_large_image","twitter_misc":{"Tiempo de lectura":"1 minuto"},"schema":{"@context":"https:\/\/schema.org","@graph":[{"@type":"WebPage","@id":"https:\/\/educacion.udd.cl\/practicas-en-terreno\/practicas-durante-la-carrera\/","url":"https:\/\/educacion.udd.cl\/practicas-en-terreno\/practicas-durante-la-carrera\/","name":"Pr\u00e1cticas durante la carrera - Pr\u00e1cticas en terreno | Facultad de Educaci\u00f3n UDD","isPartOf":{"@id":"https:\/\/educacion.udd.cl\/practicas-en-terreno\/#website"},"datePublished":"2022-02-03T19:31:03+00:00","dateModified":"2025-12-24T13:30:25+00:00","breadcrumb":{"@id":"https:\/\/educacion.udd.cl\/practicas-en-terreno\/practicas-durante-la-carrera\/#breadcrumb"},"inLanguage":"es","potentialAction":[{"@type":"ReadAction","target":["https:\/\/educacion.udd.cl\/practicas-en-terreno\/practicas-durante-la-carrera\/"]}]},{"@type":"BreadcrumbList","@id":"https:\/\/educacion.udd.cl\/practicas-en-terreno\/practicas-durante-la-carrera\/#breadcrumb","itemListElement":[{"@type":"ListItem","position":1,"name":"Portada","item":"https:\/\/educacion.udd.cl\/practicas-en-terreno\/"},{"@type":"ListItem","position":2,"name":"Pr\u00e1cticas durante la carrera"}]},{"@type":"WebSite","@id":"https:\/\/educacion.udd.cl\/practicas-en-terreno\/#website","url":"https:\/\/educacion.udd.cl\/practicas-en-terreno\/","name":"Pr\u00e1cticas en terreno | Facultad de Educaci\u00f3n UDD","description":"Facultad de Educaci\u00f3n UDD","inLanguage":"es"}]}},"_links":{"self":[{"href":"https:\/\/educacion.udd.cl\/practicas-en-terreno\/wp-json\/wp\/v2\/pages\/5","targetHints":{"allow":["GET"]}}],"collection":[{"href":"https:\/\/educacion.udd.cl\/practicas-en-terreno\/wp-json\/wp\/v2\/pages"}],"about":[{"href":"https:\/\/educacion.udd.cl\/practicas-en-terreno\/wp-json\/wp\/v2\/types\/page"}],"author":[{"embeddable":true,"href":"https:\/\/educacion.udd.cl\/practicas-en-terreno\/wp-json\/wp\/v2\/users\/22"}],"replies":[{"embeddable":true,"href":"https:\/\/educacion.udd.cl\/practicas-en-terreno\/wp-json\/wp\/v2\/comments?post=5"}],"version-history":[{"count":18,"href":"https:\/\/educacion.udd.cl\/practicas-en-terreno\/wp-json\/wp\/v2\/pages\/5\/revisions"}],"predecessor-version":[{"id":2591,"href":"https:\/\/educacion.udd.cl\/practicas-en-terreno\/wp-json\/wp\/v2\/pages\/5\/revisions\/2591"}],"wp:attachment":[{"href":"https:\/\/educacion.udd.cl\/practicas-en-terreno\/wp-json\/wp\/v2\/media?parent=5"}],"curies":[{"name":"wp","href":"https:\/\/api.w.org\/{rel}","templated":true}]}}