{"id":32,"date":"2022-02-03T20:40:32","date_gmt":"2022-02-03T19:40:32","guid":{"rendered":"https:\/\/educacion.udd.cl\/centro-practicas\/?page_id=32"},"modified":"2025-08-25T15:18:46","modified_gmt":"2025-08-25T19:18:46","slug":"inicio","status":"publish","type":"page","link":"https:\/\/educacion.udd.cl\/practicas-en-terreno\/","title":{"rendered":"Inicio"},"content":{"rendered":"\n<p><\/p>\n\n\n<section\n\tclass=\"wp-block-udd-text-row block--bg-gray\"\n\t\t>\n\t<div class=\"text-row\">\n\t\t<div class=\"text-row__content\">\n\t\t\t<div class=\"text-row__content-inner text\">\n\t\t\t\t\t\t\t\t\n<p>Desde el a\u00f1o 2016, la&nbsp;<strong>Facultad de Educaci\u00f3n de la UDD&nbsp;<\/strong>ha desarrollado un&nbsp;<strong>Modelo de Formaci\u00f3n Pr\u00e1ctica<\/strong>&nbsp;que responde directamente a la concreci\u00f3n de nuestra misi\u00f3n, de formar&nbsp;<strong>educadores de excelencia,&nbsp;<\/strong>expertos en&nbsp;<strong>pr\u00e1cticas pedag\u00f3gicas,&nbsp;<\/strong>capaces de gestionar de forma<strong>&nbsp;efectiva el aula<\/strong>&nbsp;y de liderar experiencias educativas de&nbsp;<strong>alto desaf\u00edo intelectual, innovadoras e inclusivas,<\/strong>&nbsp;en base a una s\u00f3lida \u00e9tica profesional.<\/p>\n\n<p>Nuestro modelo define que la formaci\u00f3n pr\u00e1ctica<strong>&nbsp;no quede recluida s\u00f3lo a las experiencias&nbsp;<\/strong>de inmersi\u00f3n del estudiante en contextos educativos o \u201cterreno\u201d, sino que debe estar<strong>&nbsp;entrelazada con los espacios propios del \u00e1mbito universitario,&nbsp;<\/strong>tomando mayor protagonismo en los distintos contextos de formaci\u00f3n y&nbsp;<strong>permeando el plan de estudios,&nbsp;<\/strong>permitiendo as\u00ed alcanzar el perfil de egreso para cada una de nuestras carreras de pregrado:&nbsp;<strong>Pedagog\u00eda en Educaci\u00f3n de P\u00e1rvulos, Pedagog\u00eda en Educaci\u00f3n B\u00e1sica con menciones, Programa de Formaci\u00f3n Pedag\u00f3gica para Licenciados y Profesionales en Educaci\u00f3n Media con menci\u00f3n, Programa de Formaci\u00f3n Pedag\u00f3gica en Educaci\u00f3n B\u00e1sica y en Educaci\u00f3n Especial.<\/strong><\/p>\n\t\t\t<\/div>\n\t\t<\/div>\n\t\t<div class=\"text-row__media\">\n\t\t\t<img loading=\"lazy\" decoding=\"async\" width=\"952\" height=\"534\" src=\"https:\/\/educacion.udd.cl\/practicas-en-terreno\/files\/2024\/03\/marzo-680x382.jpg\" class=\"text-row__media-image lazyload\" alt=\"\" sizes=\"auto, (max-width: 952px) 100vw, 952px\" data-src=\"https:\/\/educacion.udd.cl\/practicas-en-terreno\/files\/2024\/03\/marzo-952x534.jpg\" data-srcset=\"https:\/\/educacion.udd.cl\/practicas-en-terreno\/files\/2024\/03\/marzo-952x534.jpg 952w, https:\/\/educacion.udd.cl\/practicas-en-terreno\/files\/2024\/03\/marzo-1366x768.jpg 1366w, https:\/\/educacion.udd.cl\/practicas-en-terreno\/files\/2024\/03\/marzo-680x382.jpg 680w\" \/>\t\t<\/div>\n\t<\/div>\n<\/section>\n\n\n\n<p><\/p>\n\n\n\n<p><\/p>\n\n\n<section class=\"wp-block-udd-videos-row\">\n\t<div class=\"videos-row container\">\n\t\t\t\t<header class=\"block__header\">\n\t\t\t\t\t\t<h2 class=\"block__title\">\n\t\t\t\tFormaci\u00f3n pr\u00e1ctica\t\t\t<\/h2>\n\t\t\t\t\t\t\t\t<\/header>\n\t\t\t\t\t\t<div class=\"row videos-row__videos\">\n\t\t\t<article class=\"udd-video\">\n\t<a href=\"https:\/\/youtu.be\/RBwRIBSG-5k\" class=\"js-udd-video-modal udd-video__link\" data-video-id=\"RBwRIBSG-5k\">\n\t\t<span class=\"udd-video__label\"><svg class=\"svg-video-dims\"><use xlink:href='https:\/\/educacion.udd.cl\/practicas-en-terreno\/wp-content\/themes\/facultades-2018\/assets\/img\/svg\/dist\/main.svg?version=1695853099#video'><\/use><\/svg> Ver video<\/span>\n\t\t<h3 class=\"udd-video__title\">\n\t\t\tFormaci\u00f3n pr\u00e1ctica de Facultad de Educaci\u00f3n UDD\t\t<\/h3>\n\t\t<span class=\"udd-video__image-container\"><img decoding=\"async\" src=\"https:\/\/i.ytimg.com\/vi\/RBwRIBSG-5k\/hqdefault.jpg\" loading=\"lazy\" alt=\"Formaci\u00f3n pr\u00e1ctica de Facultad de Educaci\u00f3n UDD\" class=\"udd-video__image\" alt=\"Previsualizaci\u00f3n de &#039;Formaci\u00f3n pr\u00e1ctica de Facultad de Educaci\u00f3n UDD&#039;\"><\/span>\t<\/a>\n<\/article>\n<article class=\"udd-video\">\n\t<a href=\"https:\/\/www.youtube.com\/watch?v=uxsQrP3amuY\" class=\"js-udd-video-modal udd-video__link\" data-video-id=\"uxsQrP3amuY\">\n\t\t<span class=\"udd-video__label\"><svg class=\"svg-video-dims\"><use xlink:href='https:\/\/educacion.udd.cl\/practicas-en-terreno\/wp-content\/themes\/facultades-2018\/assets\/img\/svg\/dist\/main.svg?version=1695853099#video'><\/use><\/svg> Ver video<\/span>\n\t\t<h3 class=\"udd-video__title\">\n\t\t\tModelo de Formaci\u00f3n Pr\u00e1ctica &#8211; Educaci\u00f3n UDD\t\t<\/h3>\n\t\t<span class=\"udd-video__image-container\"><img decoding=\"async\" src=\"https:\/\/i.ytimg.com\/vi\/uxsQrP3amuY\/hqdefault.jpg\" loading=\"lazy\" alt=\"Modelo de Formaci\u00f3n Pr\u00e1ctica - Educaci\u00f3n UDD\" class=\"udd-video__image\" alt=\"Previsualizaci\u00f3n de &#039;Modelo de Formaci\u00f3n Pr\u00e1ctica - Educaci\u00f3n UDD&#039;\"><\/span>\t<\/a>\n<\/article>\n<article class=\"udd-video\">\n\t<a href=\"https:\/\/www.youtube.com\/watch?v=Agh7BRz1ulE\" class=\"js-udd-video-modal udd-video__link\" data-video-id=\"Agh7BRz1ulE\">\n\t\t<span class=\"udd-video__label\"><svg class=\"svg-video-dims\"><use xlink:href='https:\/\/educacion.udd.cl\/practicas-en-terreno\/wp-content\/themes\/facultades-2018\/assets\/img\/svg\/dist\/main.svg?version=1695853099#video'><\/use><\/svg> Ver video<\/span>\n\t\t<h3 class=\"udd-video__title\">\n\t\t\tSimulaci\u00f3n Pedagog\u00eda en Educaci\u00f3n B\u00e1sica con menci\u00f3n Ingl\u00e9s &#8211; Educaci\u00f3n UDD\t\t<\/h3>\n\t\t<span class=\"udd-video__image-container\"><img decoding=\"async\" src=\"https:\/\/i.ytimg.com\/vi\/Agh7BRz1ulE\/hqdefault.jpg\" loading=\"lazy\" alt=\"Simulaci\u00f3n Pedagog\u00eda en Educaci\u00f3n B\u00e1sica con menci\u00f3n Ingl\u00e9s - Educaci\u00f3n UDD\" class=\"udd-video__image\" alt=\"Previsualizaci\u00f3n de &#039;Simulaci\u00f3n Pedagog\u00eda en Educaci\u00f3n B\u00e1sica con menci\u00f3n Ingl\u00e9s - Educaci\u00f3n UDD&#039;\"><\/span>\t<\/a>\n<\/article>\n<article class=\"udd-video\">\n\t<a href=\"https:\/\/youtu.be\/ODvsf5y849M\" class=\"js-udd-video-modal udd-video__link\" data-video-id=\"ODvsf5y849M\">\n\t\t<span class=\"udd-video__label\"><svg class=\"svg-video-dims\"><use xlink:href='https:\/\/educacion.udd.cl\/practicas-en-terreno\/wp-content\/themes\/facultades-2018\/assets\/img\/svg\/dist\/main.svg?version=1695853099#video'><\/use><\/svg> Ver video<\/span>\n\t\t<h3 class=\"udd-video__title\">\n\t\t\tVinculaci\u00f3n con centros de pr\u00e1cticas &#8211; Facultad de Educaci\u00f3n UDD\t\t<\/h3>\n\t\t<span class=\"udd-video__image-container\"><img decoding=\"async\" src=\"https:\/\/i.ytimg.com\/vi\/ODvsf5y849M\/hqdefault.jpg\" loading=\"lazy\" alt=\"Vinculaci\u00f3n con centros de pr\u00e1cticas - Facultad de Educaci\u00f3n UDD\" class=\"udd-video__image\" alt=\"Previsualizaci\u00f3n de &#039;Vinculaci\u00f3n con centros de pr\u00e1cticas - Facultad de Educaci\u00f3n UDD&#039;\"><\/span>\t<\/a>\n<\/article>\n<article class=\"udd-video\">\n\t<a href=\"https:\/\/youtu.be\/DQQU4pu4n2g\" class=\"js-udd-video-modal udd-video__link\" data-video-id=\"DQQU4pu4n2g\">\n\t\t<span class=\"udd-video__label\"><svg class=\"svg-video-dims\"><use xlink:href='https:\/\/educacion.udd.cl\/practicas-en-terreno\/wp-content\/themes\/facultades-2018\/assets\/img\/svg\/dist\/main.svg?version=1695853099#video'><\/use><\/svg> Ver video<\/span>\n\t\t<h3 class=\"udd-video__title\">\n\t\t\t\u00bfQu\u00e9 significa ser profesor colaborador? &#8211; Facultad de Educaci\u00f3n UDD\t\t<\/h3>\n\t\t<span class=\"udd-video__image-container\"><img decoding=\"async\" src=\"https:\/\/i.ytimg.com\/vi\/DQQU4pu4n2g\/hqdefault.jpg\" loading=\"lazy\" alt=\"\u00bfQu\u00e9 significa ser profesor colaborador? - Facultad de Educaci\u00f3n UDD\" class=\"udd-video__image\" alt=\"Previsualizaci\u00f3n de &#039;\u00bfQu\u00e9 significa ser profesor colaborador? - Facultad de Educaci\u00f3n UDD&#039;\"><\/span>\t<\/a>\n<\/article>\n<article class=\"udd-video\">\n\t<a href=\"https:\/\/youtu.be\/bAmGeb2b7WU\" class=\"js-udd-video-modal udd-video__link\" data-video-id=\"bAmGeb2b7WU\">\n\t\t<span class=\"udd-video__label\"><svg class=\"svg-video-dims\"><use xlink:href='https:\/\/educacion.udd.cl\/practicas-en-terreno\/wp-content\/themes\/facultades-2018\/assets\/img\/svg\/dist\/main.svg?version=1695853099#video'><\/use><\/svg> Ver video<\/span>\n\t\t<h3 class=\"udd-video__title\">\n\t\t\t\u00a1Formaci\u00f3n pr\u00e1ctica como un importante pilar! &#8211; Facultad de Educaci\u00f3n UDD\t\t<\/h3>\n\t\t<span class=\"udd-video__image-container\"><img decoding=\"async\" src=\"https:\/\/i.ytimg.com\/vi\/bAmGeb2b7WU\/hqdefault.jpg\" loading=\"lazy\" alt=\"\u00a1Formaci\u00f3n pr\u00e1ctica como un importante pilar! - Facultad de Educaci\u00f3n UDD\" class=\"udd-video__image\" alt=\"Previsualizaci\u00f3n de &#039;\u00a1Formaci\u00f3n pr\u00e1ctica como un importante pilar! - Facultad de Educaci\u00f3n UDD&#039;\"><\/span>\t<\/a>\n<\/article>\n<article class=\"udd-video\">\n\t<a href=\"https:\/\/youtu.be\/AUSnoBQFLJ4\" class=\"js-udd-video-modal udd-video__link\" data-video-id=\"AUSnoBQFLJ4\">\n\t\t<span class=\"udd-video__label\"><svg class=\"svg-video-dims\"><use xlink:href='https:\/\/educacion.udd.cl\/practicas-en-terreno\/wp-content\/themes\/facultades-2018\/assets\/img\/svg\/dist\/main.svg?version=1695853099#video'><\/use><\/svg> Ver video<\/span>\n\t\t<h3 class=\"udd-video__title\">\n\t\t\tPr\u00e1cticas disponibles para estudiantes &#8211; Facultad de Educaci\u00f3n UDD\t\t<\/h3>\n\t\t<span class=\"udd-video__image-container\"><img decoding=\"async\" src=\"https:\/\/i.ytimg.com\/vi\/AUSnoBQFLJ4\/hqdefault.jpg\" loading=\"lazy\" alt=\"Pr\u00e1cticas disponibles para estudiantes - Facultad de Educaci\u00f3n UDD\" class=\"udd-video__image\" alt=\"Previsualizaci\u00f3n de &#039;Pr\u00e1cticas disponibles para estudiantes - Facultad de Educaci\u00f3n UDD&#039;\"><\/span>\t<\/a>\n<\/article>\n<article class=\"udd-video\">\n\t<a href=\"https:\/\/www.youtube.com\/watch?v=ZEbK9fy7Ywo\" class=\"js-udd-video-modal udd-video__link\" data-video-id=\"ZEbK9fy7Ywo\">\n\t\t<span class=\"udd-video__label\"><svg class=\"svg-video-dims\"><use xlink:href='https:\/\/educacion.udd.cl\/practicas-en-terreno\/wp-content\/themes\/facultades-2018\/assets\/img\/svg\/dist\/main.svg?version=1695853099#video'><\/use><\/svg> Ver video<\/span>\n\t\t<h3 class=\"udd-video__title\">\n\t\t\tSimulaci\u00f3n para el curso de Literatura Infantil &#8211; Formaci\u00f3n Pr\u00e1ctica Educaci\u00f3n UDD\t\t<\/h3>\n\t\t<span class=\"udd-video__image-container\"><img decoding=\"async\" src=\"https:\/\/i.ytimg.com\/vi\/ZEbK9fy7Ywo\/hqdefault.jpg\" loading=\"lazy\" alt=\"Simulaci\u00f3n para el curso de Literatura Infantil - Formaci\u00f3n Pr\u00e1ctica Educaci\u00f3n UDD\" class=\"udd-video__image\" alt=\"Previsualizaci\u00f3n de &#039;Simulaci\u00f3n para el curso de Literatura Infantil - Formaci\u00f3n Pr\u00e1ctica Educaci\u00f3n UDD&#039;\"><\/span>\t<\/a>\n<\/article>\n\t\t<\/div>\n\t\t\t<\/div>\n<\/section>\n\n\n\n<p><\/p>\n","protected":false},"excerpt":{"rendered":"","protected":false},"author":22,"featured_media":0,"parent":0,"menu_order":0,"comment_status":"closed","ping_status":"closed","template":"","meta":{"footnotes":""},"class_list":["post-32","page","type-page","status-publish","hentry"],"yoast_head":"<!-- This site is optimized with the Yoast SEO plugin v26.9 - https:\/\/yoast.com\/product\/yoast-seo-wordpress\/ -->\n<title>Inicio - Pr\u00e1cticas en terreno | Facultad de Educaci\u00f3n UDD<\/title>\n<meta name=\"robots\" content=\"index, follow, max-snippet:-1, max-image-preview:large, max-video-preview:-1\" \/>\n<link rel=\"canonical\" href=\"https:\/\/educacion.udd.cl\/practicas-en-terreno\/\" \/>\n<meta property=\"og:locale\" content=\"es_ES\" \/>\n<meta property=\"og:type\" content=\"article\" \/>\n<meta property=\"og:title\" content=\"Inicio - Pr\u00e1cticas en terreno | Facultad de Educaci\u00f3n UDD\" \/>\n<meta property=\"og:url\" content=\"https:\/\/educacion.udd.cl\/practicas-en-terreno\/\" \/>\n<meta property=\"og:site_name\" content=\"Pr\u00e1cticas en terreno | Facultad de Educaci\u00f3n UDD\" \/>\n<meta property=\"article:modified_time\" content=\"2025-08-25T19:18:46+00:00\" \/>\n<meta property=\"og:image\" content=\"https:\/\/educacion.udd.cl\/practicas-en-terreno\/files\/2024\/03\/marzo-scaled.jpg\" \/>\n<meta name=\"twitter:card\" content=\"summary_large_image\" \/>\n<meta name=\"twitter:label1\" content=\"Tiempo de lectura\" \/>\n\t<meta name=\"twitter:data1\" content=\"1 minuto\" \/>\n<script type=\"application\/ld+json\" class=\"yoast-schema-graph\">{\"@context\":\"https:\/\/schema.org\",\"@graph\":[{\"@type\":\"WebPage\",\"@id\":\"https:\/\/educacion.udd.cl\/practicas-en-terreno\/\",\"url\":\"https:\/\/educacion.udd.cl\/practicas-en-terreno\/\",\"name\":\"Inicio - Pr\u00e1cticas en terreno | Facultad de Educaci\u00f3n UDD\",\"isPartOf\":{\"@id\":\"https:\/\/educacion.udd.cl\/practicas-en-terreno\/#website\"},\"primaryImageOfPage\":{\"@id\":\"https:\/\/educacion.udd.cl\/practicas-en-terreno\/#primaryimage\"},\"image\":{\"@id\":\"https:\/\/educacion.udd.cl\/practicas-en-terreno\/#primaryimage\"},\"thumbnailUrl\":\"https:\/\/educacion.udd.cl\/practicas-en-terreno\/files\/2024\/03\/marzo-scaled.jpg\",\"datePublished\":\"2022-02-03T19:40:32+00:00\",\"dateModified\":\"2025-08-25T19:18:46+00:00\",\"breadcrumb\":{\"@id\":\"https:\/\/educacion.udd.cl\/practicas-en-terreno\/#breadcrumb\"},\"inLanguage\":\"es\",\"potentialAction\":[{\"@type\":\"ReadAction\",\"target\":[\"https:\/\/educacion.udd.cl\/practicas-en-terreno\/\"]}]},{\"@type\":\"ImageObject\",\"inLanguage\":\"es\",\"@id\":\"https:\/\/educacion.udd.cl\/practicas-en-terreno\/#primaryimage\",\"url\":\"https:\/\/educacion.udd.cl\/practicas-en-terreno\/files\/2024\/03\/marzo-scaled.jpg\",\"contentUrl\":\"https:\/\/educacion.udd.cl\/practicas-en-terreno\/files\/2024\/03\/marzo-scaled.jpg\",\"width\":2560,\"height\":1707,\"caption\":\"Registro Fotogr\u00e1fico de las alumnas de la carrera de Educaci\u00f3n Parvularia UDD en el Colegio Lincoln. En Santiago:17\/05\/2023. Fot\u00f3grafo: Valentino Saldivar.\"},{\"@type\":\"BreadcrumbList\",\"@id\":\"https:\/\/educacion.udd.cl\/practicas-en-terreno\/#breadcrumb\",\"itemListElement\":[{\"@type\":\"ListItem\",\"position\":1,\"name\":\"Portada\",\"item\":\"https:\/\/educacion.udd.cl\/practicas-en-terreno\/\"},{\"@type\":\"ListItem\",\"position\":2,\"name\":\"Inicio\"}]},{\"@type\":\"WebSite\",\"@id\":\"https:\/\/educacion.udd.cl\/practicas-en-terreno\/#website\",\"url\":\"https:\/\/educacion.udd.cl\/practicas-en-terreno\/\",\"name\":\"Pr\u00e1cticas en terreno | Facultad de Educaci\u00f3n UDD\",\"description\":\"Facultad de Educaci\u00f3n UDD\",\"inLanguage\":\"es\"}]}<\/script>\n<!-- \/ Yoast SEO plugin. -->","yoast_head_json":{"title":"Inicio - Pr\u00e1cticas en terreno | Facultad de Educaci\u00f3n UDD","robots":{"index":"index","follow":"follow","max-snippet":"max-snippet:-1","max-image-preview":"max-image-preview:large","max-video-preview":"max-video-preview:-1"},"canonical":"https:\/\/educacion.udd.cl\/practicas-en-terreno\/","og_locale":"es_ES","og_type":"article","og_title":"Inicio - Pr\u00e1cticas en terreno | Facultad de Educaci\u00f3n UDD","og_url":"https:\/\/educacion.udd.cl\/practicas-en-terreno\/","og_site_name":"Pr\u00e1cticas en terreno | Facultad de Educaci\u00f3n UDD","article_modified_time":"2025-08-25T19:18:46+00:00","og_image":[{"url":"https:\/\/educacion.udd.cl\/practicas-en-terreno\/files\/2024\/03\/marzo-scaled.jpg","type":"","width":"","height":""}],"twitter_card":"summary_large_image","twitter_misc":{"Tiempo de lectura":"1 minuto"},"schema":{"@context":"https:\/\/schema.org","@graph":[{"@type":"WebPage","@id":"https:\/\/educacion.udd.cl\/practicas-en-terreno\/","url":"https:\/\/educacion.udd.cl\/practicas-en-terreno\/","name":"Inicio - Pr\u00e1cticas en terreno | Facultad de Educaci\u00f3n UDD","isPartOf":{"@id":"https:\/\/educacion.udd.cl\/practicas-en-terreno\/#website"},"primaryImageOfPage":{"@id":"https:\/\/educacion.udd.cl\/practicas-en-terreno\/#primaryimage"},"image":{"@id":"https:\/\/educacion.udd.cl\/practicas-en-terreno\/#primaryimage"},"thumbnailUrl":"https:\/\/educacion.udd.cl\/practicas-en-terreno\/files\/2024\/03\/marzo-scaled.jpg","datePublished":"2022-02-03T19:40:32+00:00","dateModified":"2025-08-25T19:18:46+00:00","breadcrumb":{"@id":"https:\/\/educacion.udd.cl\/practicas-en-terreno\/#breadcrumb"},"inLanguage":"es","potentialAction":[{"@type":"ReadAction","target":["https:\/\/educacion.udd.cl\/practicas-en-terreno\/"]}]},{"@type":"ImageObject","inLanguage":"es","@id":"https:\/\/educacion.udd.cl\/practicas-en-terreno\/#primaryimage","url":"https:\/\/educacion.udd.cl\/practicas-en-terreno\/files\/2024\/03\/marzo-scaled.jpg","contentUrl":"https:\/\/educacion.udd.cl\/practicas-en-terreno\/files\/2024\/03\/marzo-scaled.jpg","width":2560,"height":1707,"caption":"Registro Fotogr\u00e1fico de las alumnas de la carrera de Educaci\u00f3n Parvularia UDD en el Colegio Lincoln. En Santiago:17\/05\/2023. Fot\u00f3grafo: Valentino Saldivar."},{"@type":"BreadcrumbList","@id":"https:\/\/educacion.udd.cl\/practicas-en-terreno\/#breadcrumb","itemListElement":[{"@type":"ListItem","position":1,"name":"Portada","item":"https:\/\/educacion.udd.cl\/practicas-en-terreno\/"},{"@type":"ListItem","position":2,"name":"Inicio"}]},{"@type":"WebSite","@id":"https:\/\/educacion.udd.cl\/practicas-en-terreno\/#website","url":"https:\/\/educacion.udd.cl\/practicas-en-terreno\/","name":"Pr\u00e1cticas en terreno | Facultad de Educaci\u00f3n UDD","description":"Facultad de Educaci\u00f3n UDD","inLanguage":"es"}]}},"_links":{"self":[{"href":"https:\/\/educacion.udd.cl\/practicas-en-terreno\/wp-json\/wp\/v2\/pages\/32","targetHints":{"allow":["GET"]}}],"collection":[{"href":"https:\/\/educacion.udd.cl\/practicas-en-terreno\/wp-json\/wp\/v2\/pages"}],"about":[{"href":"https:\/\/educacion.udd.cl\/practicas-en-terreno\/wp-json\/wp\/v2\/types\/page"}],"author":[{"embeddable":true,"href":"https:\/\/educacion.udd.cl\/practicas-en-terreno\/wp-json\/wp\/v2\/users\/22"}],"replies":[{"embeddable":true,"href":"https:\/\/educacion.udd.cl\/practicas-en-terreno\/wp-json\/wp\/v2\/comments?post=32"}],"version-history":[{"count":49,"href":"https:\/\/educacion.udd.cl\/practicas-en-terreno\/wp-json\/wp\/v2\/pages\/32\/revisions"}],"predecessor-version":[{"id":2572,"href":"https:\/\/educacion.udd.cl\/practicas-en-terreno\/wp-json\/wp\/v2\/pages\/32\/revisions\/2572"}],"wp:attachment":[{"href":"https:\/\/educacion.udd.cl\/practicas-en-terreno\/wp-json\/wp\/v2\/media?parent=32"}],"curies":[{"name":"wp","href":"https:\/\/api.w.org\/{rel}","templated":true}]}}