{"id":48,"date":"2024-03-11T14:08:48","date_gmt":"2024-03-11T17:08:48","guid":{"rendered":"https:\/\/educacion.udd.cl\/cima\/?page_id=48"},"modified":"2026-03-04T15:53:52","modified_gmt":"2026-03-04T18:53:52","slug":"lineas-de-investigacion","status":"publish","type":"page","link":"https:\/\/educacion.udd.cl\/cima\/lineas-de-investigacion\/","title":{"rendered":"L\u00edneas y Focos"},"content":{"rendered":"\n<p><\/p>\n\n\n<section class=\"wp-block-udd-text-row block--bg-gray\">\n\t<div class=\"text-row\">\n\t\t<div class=\"text-row__content\">\n\t\t\t<div class=\"text-row__content-inner text\">\n\t\t\t\t\t\t\t\t<h2>L\u00edneas de investigaci\u00f3n y Focos CIMA<\/h2>\n\t\t\t\t\t\t\t\t\n<p>Para sistematizar el trabajo de los investigadores, el CIMA propone la creaci\u00f3n de tres l\u00edneas tem\u00e1ticas de investigaci\u00f3n y tres focos prioritarios. <\/p>\n\n<p>Las l\u00edneas refieren a los temas macro que agrupan las investigaciones asociadas a CIMA, y que se corresponden con los programas de mag\u00edster y las \u00e1reas de experticia de nuestros investigadores. <\/p>\n\n<p>Por otro lado, los focos se entienden como criterios para decidir qu\u00e9 tipos de estudios priorizar dentro de cada l\u00ednea.<\/p>\n\t\t\t<\/div>\n\t\t<\/div>\n\t\t<div class=\"text-row__media\">\n\t\t\t<img loading=\"lazy\" decoding=\"async\" width=\"952\" height=\"534\" src=\"https:\/\/educacion.udd.cl\/cima\/files\/2024\/03\/pexels-startup-stock-photos-212286-680x382.jpg\" class=\"text-row__media-image lazyload\" alt=\"\" sizes=\"auto, (max-width: 952px) 100vw, 952px\" data-src=\"https:\/\/educacion.udd.cl\/cima\/files\/2024\/03\/pexels-startup-stock-photos-212286-952x534.jpg\" data-srcset=\"https:\/\/educacion.udd.cl\/cima\/files\/2024\/03\/pexels-startup-stock-photos-212286-952x534.jpg 952w, https:\/\/educacion.udd.cl\/cima\/files\/2024\/03\/pexels-startup-stock-photos-212286-1366x768.jpg 1366w, https:\/\/educacion.udd.cl\/cima\/files\/2024\/03\/pexels-startup-stock-photos-212286-680x382.jpg 680w\" \/>\t\t<\/div>\n\t<\/div>\n<\/section>\n\n\n<!-- WP Block: UDD - Cards Alternate -->\n<section class=\"wp-block-udd-cards\" style=\"--udd-blocks-has-columns-number: 3\">\n\t<div class=\"container\">\n\t\t\t\t\t<header class=\"header__innerblock block__header\">\n\t\t\t\n<h2 class=\"wp-block-heading\">L\u00edneas de Investigaci\u00f3n<\/h2>\n\t\n\t\n\t<\/header>\n\t\t\t\t<div class=\"block__content\">\n\t\t\t<div class=\"cards cards--listed\">\n\t\t\t\t\t\t\t\t\t\t\t\t\t\t\t\t\t<div class=\"card-wrapper\">\n\t\t\t\t\t\t<div class=\"card\">\n\t\t\t\t\t\t\t<h3 class=\"card__title\">Aprendizajes<\/h3>\n\t\t\t\t\t\t\t\t\t\t\t\t\t\t<div class=\"card__description\">\n\t\t\t\t\t\t\t\t<p>Estudios sobre la promoci\u00f3n de la adquisici\u00f3n de conocimientos y habilidades en todos los estudiantes. \u00c9nfasis en torno al aprendizaje en niveles preescolar, escolar y superior, y en temas como matem\u00e1ticas, lectura, ingl\u00e9s, y educaci\u00f3n en entornos al aire libre.<\/p>\n\t\t\t\t\t\t\t<\/div>\n\t\t\t\t\t\t\t\t\t\t\t\t\t<\/div>\n\t\t\t\t\t<\/div>\n\t\t\t\t\t\t\t\t\t\t\t\t\t\t\t\t\t\t\t\t\t<div class=\"card-wrapper\">\n\t\t\t\t\t\t<div class=\"card\">\n\t\t\t\t\t\t\t<h3 class=\"card__title\">Excelencia y liderazgo escolar<\/h3>\n\t\t\t\t\t\t\t\t\t\t\t\t\t\t<div class=\"card__description\">\n\t\t\t\t\t\t\t\t<p>Estudios sobre la atracci\u00f3n, permanencia, y formaci\u00f3n inicial y continua de docentes y l\u00edderes educativos efectivos.<\/p>\n\t\t\t\t\t\t\t<\/div>\n\t\t\t\t\t\t\t\t\t\t\t\t\t<\/div>\n\t\t\t\t\t<\/div>\n\t\t\t\t\t\t\t\t\t\t\t\t\t\t\t\t\t\t\t\t\t<div class=\"card-wrapper\">\n\t\t\t\t\t\t<div class=\"card\">\n\t\t\t\t\t\t\t<h3 class=\"card__title\">Inclusi\u00f3n educativa<\/h3>\n\t\t\t\t\t\t\t\t\t\t\t\t\t\t<div class=\"card__description\">\n\t\t\t\t\t\t\t\t<p>Estudios con miras a la inclusi\u00f3n de estudiantes con capacidades, necesidades y provenientes de culturas diferentes, y minoritarios.<\/p>\n\t\t\t\t\t\t\t<\/div>\n\t\t\t\t\t\t\t\t\t\t\t\t\t<\/div>\n\t\t\t\t\t<\/div>\n\t\t\t\t\t\t\t\t\t\t<\/div>\n\t\t<\/div>\n\t<\/div>\n<\/section>\n\n\n<!-- WP Block: UDD - Cards Alternate -->\n<section class=\"wp-block-udd-cards\" style=\"--udd-blocks-has-columns-number: 3\">\n\t<div class=\"container\">\n\t\t\t\t\t<header class=\"header__innerblock block__header\">\n\t\t\t\n<h2 class=\"wp-block-heading\">Focos prioritarios<\/h2>\n\t\n\t\n\t<\/header>\n\t\t\t\t<div class=\"block__content\">\n\t\t\t<div class=\"cards cards--listed\">\n\t\t\t\t\t\t\t\t\t\t\t\t\t\t\t\t\t<div class=\"card-wrapper\">\n\t\t\t\t\t\t<div class=\"card\">\n\t\t\t\t\t\t\t<h3 class=\"card__title\">Pol\u00edtica p\u00fablica<\/h3>\n\t\t\t\t\t\t\t\t\t\t\t\t\t\t<div class=\"card__description\">\n\t\t\t\t\t\t\t\t<p>Priorizamos los estudios cuyos resultados pueden influir en la pol\u00edtica<br \/>p\u00fablica, por su potencial alcance, escalabilidad, y\/o posicionamiento en la discusi\u00f3n pol\u00edtica.<\/p>\n\t\t\t\t\t\t\t<\/div>\n\t\t\t\t\t\t\t\t\t\t\t\t\t<\/div>\n\t\t\t\t\t<\/div>\n\t\t\t\t\t\t\t\t\t\t\t\t\t\t\t\t\t\t\t\t\t<div class=\"card-wrapper\">\n\t\t\t\t\t\t<div class=\"card\">\n\t\t\t\t\t\t\t<h3 class=\"card__title\">Innovaci\u00f3n<\/h3>\n\t\t\t\t\t\t\t\t\t\t\t\t\t\t<div class=\"card__description\">\n\t\t\t\t\t\t\t\t<p>Nos enfocamos en estudios que proponen soluciones novedosas, en cuanto a la inclusi\u00f3n de metodolog\u00edas, productos, teor\u00edas, y\/o modelos de colaboraci\u00f3n que supongan cambios de paradigma, reformulaciones creativas de ideas pasadas y\/o innovaciones<br \/>tecnol\u00f3gicas.<\/p>\n\t\t\t\t\t\t\t<\/div>\n\t\t\t\t\t\t\t\t\t\t\t\t\t<\/div>\n\t\t\t\t\t<\/div>\n\t\t\t\t\t\t\t\t\t\t\t\t\t\t\t\t\t\t\t\t\t<div class=\"card-wrapper\">\n\t\t\t\t\t\t<div class=\"card\">\n\t\t\t\t\t\t\t<h3 class=\"card__title\">Equidad<\/h3>\n\t\t\t\t\t\t\t\t\t\t\t\t\t\t<div class=\"card__description\">\n\t\t\t\t\t\t\t\t<p>Priorizamos estudios que contribuyen a cerrar brechas entre estudiantes, por su<br \/>contexto socioecon\u00f3mico, g\u00e9nero, etnia, necesidades especiales, etc.<\/p>\n\t\t\t\t\t\t\t<\/div>\n\t\t\t\t\t\t\t\t\t\t\t\t\t<\/div>\n\t\t\t\t\t<\/div>\n\t\t\t\t\t\t\t\t\t\t<\/div>\n\t\t<\/div>\n\t<\/div>\n<\/section>\n","protected":false},"excerpt":{"rendered":"","protected":false},"author":39,"featured_media":0,"parent":0,"menu_order":0,"comment_status":"closed","ping_status":"closed","template":"","meta":{"footnotes":""},"class_list":["post-48","page","type-page","status-publish","hentry"],"yoast_head":"<!-- This site is optimized with the Yoast SEO plugin v26.9 - https:\/\/yoast.com\/product\/yoast-seo-wordpress\/ -->\n<title>L\u00edneas y Focos - CIMA<\/title>\n<meta name=\"robots\" content=\"index, follow, max-snippet:-1, max-image-preview:large, max-video-preview:-1\" \/>\n<link rel=\"canonical\" href=\"https:\/\/educacion.udd.cl\/cima\/lineas-de-investigacion\/\" \/>\n<meta property=\"og:locale\" content=\"es_ES\" \/>\n<meta property=\"og:type\" content=\"article\" \/>\n<meta property=\"og:title\" content=\"L\u00edneas y Focos - CIMA\" \/>\n<meta property=\"og:url\" content=\"https:\/\/educacion.udd.cl\/cima\/lineas-de-investigacion\/\" \/>\n<meta property=\"og:site_name\" content=\"CIMA\" \/>\n<meta property=\"article:modified_time\" content=\"2026-03-04T18:53:52+00:00\" \/>\n<meta property=\"og:image\" content=\"http:\/\/educacion.udd.cl\/cima\/files\/2024\/03\/pexels-startup-stock-photos-212286-scaled.jpg\" \/>\n<meta name=\"twitter:card\" content=\"summary_large_image\" \/>\n<meta name=\"twitter:label1\" content=\"Tiempo de lectura\" \/>\n\t<meta name=\"twitter:data1\" content=\"1 minuto\" \/>\n<script type=\"application\/ld+json\" class=\"yoast-schema-graph\">{\"@context\":\"https:\/\/schema.org\",\"@graph\":[{\"@type\":\"WebPage\",\"@id\":\"https:\/\/educacion.udd.cl\/cima\/lineas-de-investigacion\/\",\"url\":\"https:\/\/educacion.udd.cl\/cima\/lineas-de-investigacion\/\",\"name\":\"L\u00edneas y Focos - CIMA\",\"isPartOf\":{\"@id\":\"https:\/\/educacion.udd.cl\/cima\/#website\"},\"primaryImageOfPage\":{\"@id\":\"https:\/\/educacion.udd.cl\/cima\/lineas-de-investigacion\/#primaryimage\"},\"image\":{\"@id\":\"https:\/\/educacion.udd.cl\/cima\/lineas-de-investigacion\/#primaryimage\"},\"thumbnailUrl\":\"http:\/\/educacion.udd.cl\/cima\/files\/2024\/03\/pexels-startup-stock-photos-212286-scaled.jpg\",\"datePublished\":\"2024-03-11T17:08:48+00:00\",\"dateModified\":\"2026-03-04T18:53:52+00:00\",\"breadcrumb\":{\"@id\":\"https:\/\/educacion.udd.cl\/cima\/lineas-de-investigacion\/#breadcrumb\"},\"inLanguage\":\"es\",\"potentialAction\":[{\"@type\":\"ReadAction\",\"target\":[\"https:\/\/educacion.udd.cl\/cima\/lineas-de-investigacion\/\"]}]},{\"@type\":\"ImageObject\",\"inLanguage\":\"es\",\"@id\":\"https:\/\/educacion.udd.cl\/cima\/lineas-de-investigacion\/#primaryimage\",\"url\":\"https:\/\/educacion.udd.cl\/cima\/files\/2024\/03\/pexels-startup-stock-photos-212286-scaled.jpg\",\"contentUrl\":\"https:\/\/educacion.udd.cl\/cima\/files\/2024\/03\/pexels-startup-stock-photos-212286-scaled.jpg\",\"width\":2560,\"height\":1707},{\"@type\":\"BreadcrumbList\",\"@id\":\"https:\/\/educacion.udd.cl\/cima\/lineas-de-investigacion\/#breadcrumb\",\"itemListElement\":[{\"@type\":\"ListItem\",\"position\":1,\"name\":\"Portada\",\"item\":\"https:\/\/educacion.udd.cl\/cima\/\"},{\"@type\":\"ListItem\",\"position\":2,\"name\":\"L\u00edneas y Focos\"}]},{\"@type\":\"WebSite\",\"@id\":\"https:\/\/educacion.udd.cl\/cima\/#website\",\"url\":\"https:\/\/educacion.udd.cl\/cima\/\",\"name\":\"CIMA\",\"description\":\"\",\"inLanguage\":\"es\"}]}<\/script>\n<!-- \/ Yoast SEO plugin. -->","yoast_head_json":{"title":"L\u00edneas y Focos - CIMA","robots":{"index":"index","follow":"follow","max-snippet":"max-snippet:-1","max-image-preview":"max-image-preview:large","max-video-preview":"max-video-preview:-1"},"canonical":"https:\/\/educacion.udd.cl\/cima\/lineas-de-investigacion\/","og_locale":"es_ES","og_type":"article","og_title":"L\u00edneas y Focos - CIMA","og_url":"https:\/\/educacion.udd.cl\/cima\/lineas-de-investigacion\/","og_site_name":"CIMA","article_modified_time":"2026-03-04T18:53:52+00:00","og_image":[{"url":"http:\/\/educacion.udd.cl\/cima\/files\/2024\/03\/pexels-startup-stock-photos-212286-scaled.jpg","type":"","width":"","height":""}],"twitter_card":"summary_large_image","twitter_misc":{"Tiempo de lectura":"1 minuto"},"schema":{"@context":"https:\/\/schema.org","@graph":[{"@type":"WebPage","@id":"https:\/\/educacion.udd.cl\/cima\/lineas-de-investigacion\/","url":"https:\/\/educacion.udd.cl\/cima\/lineas-de-investigacion\/","name":"L\u00edneas y Focos - CIMA","isPartOf":{"@id":"https:\/\/educacion.udd.cl\/cima\/#website"},"primaryImageOfPage":{"@id":"https:\/\/educacion.udd.cl\/cima\/lineas-de-investigacion\/#primaryimage"},"image":{"@id":"https:\/\/educacion.udd.cl\/cima\/lineas-de-investigacion\/#primaryimage"},"thumbnailUrl":"http:\/\/educacion.udd.cl\/cima\/files\/2024\/03\/pexels-startup-stock-photos-212286-scaled.jpg","datePublished":"2024-03-11T17:08:48+00:00","dateModified":"2026-03-04T18:53:52+00:00","breadcrumb":{"@id":"https:\/\/educacion.udd.cl\/cima\/lineas-de-investigacion\/#breadcrumb"},"inLanguage":"es","potentialAction":[{"@type":"ReadAction","target":["https:\/\/educacion.udd.cl\/cima\/lineas-de-investigacion\/"]}]},{"@type":"ImageObject","inLanguage":"es","@id":"https:\/\/educacion.udd.cl\/cima\/lineas-de-investigacion\/#primaryimage","url":"https:\/\/educacion.udd.cl\/cima\/files\/2024\/03\/pexels-startup-stock-photos-212286-scaled.jpg","contentUrl":"https:\/\/educacion.udd.cl\/cima\/files\/2024\/03\/pexels-startup-stock-photos-212286-scaled.jpg","width":2560,"height":1707},{"@type":"BreadcrumbList","@id":"https:\/\/educacion.udd.cl\/cima\/lineas-de-investigacion\/#breadcrumb","itemListElement":[{"@type":"ListItem","position":1,"name":"Portada","item":"https:\/\/educacion.udd.cl\/cima\/"},{"@type":"ListItem","position":2,"name":"L\u00edneas y Focos"}]},{"@type":"WebSite","@id":"https:\/\/educacion.udd.cl\/cima\/#website","url":"https:\/\/educacion.udd.cl\/cima\/","name":"CIMA","description":"","inLanguage":"es"}]}},"_links":{"self":[{"href":"https:\/\/educacion.udd.cl\/cima\/wp-json\/wp\/v2\/pages\/48","targetHints":{"allow":["GET"]}}],"collection":[{"href":"https:\/\/educacion.udd.cl\/cima\/wp-json\/wp\/v2\/pages"}],"about":[{"href":"https:\/\/educacion.udd.cl\/cima\/wp-json\/wp\/v2\/types\/page"}],"author":[{"embeddable":true,"href":"https:\/\/educacion.udd.cl\/cima\/wp-json\/wp\/v2\/users\/39"}],"replies":[{"embeddable":true,"href":"https:\/\/educacion.udd.cl\/cima\/wp-json\/wp\/v2\/comments?post=48"}],"version-history":[{"count":10,"href":"https:\/\/educacion.udd.cl\/cima\/wp-json\/wp\/v2\/pages\/48\/revisions"}],"predecessor-version":[{"id":870,"href":"https:\/\/educacion.udd.cl\/cima\/wp-json\/wp\/v2\/pages\/48\/revisions\/870"}],"wp:attachment":[{"href":"https:\/\/educacion.udd.cl\/cima\/wp-json\/wp\/v2\/media?parent=48"}],"curies":[{"name":"wp","href":"https:\/\/api.w.org\/{rel}","templated":true}]}}