{"id":71,"date":"2020-11-26T04:21:02","date_gmt":"2020-11-26T03:21:02","guid":{"rendered":"https:\/\/educacion.udd.cl\/aprendizaje180\/?page_id=71"},"modified":"2026-02-25T20:34:38","modified_gmt":"2026-02-25T19:34:38","slug":"inicio-2","status":"publish","type":"page","link":"https:\/\/educacion.udd.cl\/aprendizaje180\/","title":{"rendered":"inicio"},"content":{"rendered":"<section class=\"wp-block-udd-text-row block--bg-gray\">\n\t<div class=\"text-row\">\n\t\t<div class=\"text-row__content\">\n\t\t\t<div class=\"text-row__content-inner text\">\n\t\t\t\t\t\t\t\t<h2>APRENDIZAJE180: La tecnolog\u00eda como una herramienta al servicio de la educaci\u00f3n <\/h2>\n\t\t\t\t\t\t\t\t\n<p> El principal objetivo de este centro es impulsar el uso de la tecnolog\u00eda como una herramienta para el aprendizaje entre docentes y estudiantes, adem\u00e1s de ser un aporte en mejorar la gesti\u00f3n y administraci\u00f3n en las instituciones. Adem\u00e1s, buscamos canalizar la vinculaci\u00f3n con experiencias educativas internacionales en el contexto de la globalizaci\u00f3n, a trav\u00e9s del estudio del dise\u00f1o e implementaci\u00f3n de los desarrollos tecnol\u00f3gicos disponibles y la contribuci\u00f3n a su mejora.<\/p>\n\n<p><a href=\"https:\/\/educacion.udd.cl\/aprendizaje180\/proyectos\/\">Conoce nuestros proyectos <\/a><\/p>\n\t\t\t<\/div>\n\t\t<\/div>\n\t\t<div class=\"text-row__media\">\n\t\t\t<img loading=\"lazy\" decoding=\"async\" width=\"871\" height=\"534\" src=\"https:\/\/educacion.udd.cl\/aprendizaje180\/files\/2022\/06\/Captura-de-pantalla-2022-01-11-110738-680x382.jpg\" class=\"text-row__media-image lazyload\" alt=\"\" data-src=\"https:\/\/educacion.udd.cl\/aprendizaje180\/files\/2022\/06\/Captura-de-pantalla-2022-01-11-110738-871x534.jpg\" \/>\t\t<\/div>\n\t<\/div>\n<\/section>\n\n\n<section class=\"wp-block-udd-fullwidth-cards is-style-clear\">\n\t<div class=\"container\">\n\t\t<header class=\"block__header\">\n\t\t\t<h2 class=\"block__title\">Noticias<\/h2>\n\t\t\t\t\t\t<a target=\"_blank\" rel=\"noreferer noopener\" href=\"https:\/\/educacion.udd.cl\/categoria\/actualidad\/\" class=\"block__view-more\">Ver m\u00e1s<\/a>\n\t\t\t\t\t<\/header>\n\t\t<div class=\"block__content\">\n\t\t\t<div class=\"fullwidth-cards\">\n\t\t\t\t\t\t\t<div class=\"fullwidth-card-wrapper is-style-clear\">\n\t\t\t\t\t<a href=\"https:\/\/educacion.udd.cl\/noticias\/2026\/03\/otra-cosa-es-con-pizarra-se-estrena-nueva-temporada-del-podcast-de-educacion-udd\/\" class=\"fullwidth-card fullwidth-card--linkable\">\n\t\t\t\t\t\t<img class=\"fullwidth-card__image wp-post-image\" decoding=\"async\" loading=\"lazy\" width=\"150\" height=\"150\" src=\"https:\/\/educacion.udd.cl\/files\/2025\/04\/otracosa-150x150.png\" alt=\"\" srcset=\"https:\/\/educacion.udd.cl\/files\/2025\/04\/otracosa-150x150.png 150w, https:\/\/educacion.udd.cl\/files\/2025\/04\/otracosa-62x62.png 62w, https:\/\/educacion.udd.cl\/files\/2025\/04\/otracosa-126x126.png 126w\" sizes=\"auto, (max-width: 500px) 100vw, 500px\" >\t\t\t\t\t\t<div class=\"fullwidth-card__content\">\n\t\t\t\t\t\t\t<span class=\"fullwidth-card__date\">31 de marzo 2026<\/span>\n\t\t\t\t\t\t\t<h3 class=\"fullwidth-card__title\">Otra Cosa es con Pizarra: se estrena nueva temporada del Podcast de Educaci\u00f3n UDD<\/h3>\n\t\t\t\t\t\t\t<span class=\"fullwidth-card__link\">Conocer m\u00e1s<\/span>\n\t\t\t\t\t\t<\/div>\n\t\t\t\t\t<\/a>\n\t\t\t\t<\/div>\n\t\t\t\t\t\t\t<div class=\"fullwidth-card-wrapper is-style-clear\">\n\t\t\t\t\t<a href=\"https:\/\/educacion.udd.cl\/noticias\/2026\/03\/experta-belga-en-aprendizaje-activo-realiza-taller-para-estudiantes-de-pedagogia-en-educacion-udd\/\" class=\"fullwidth-card fullwidth-card--linkable\">\n\t\t\t\t\t\t<img class=\"fullwidth-card__image wp-post-image\" decoding=\"async\" loading=\"lazy\" width=\"500\" height=\"500\" src=\"https:\/\/educacion.udd.cl\/files\/2026\/03\/whatsapp-image-2026-03-31-at-15-37-00-500x500.jpeg\" alt=\"\" srcset=\"https:\/\/educacion.udd.cl\/files\/2026\/03\/whatsapp-image-2026-03-31-at-15-37-00-150x150.jpeg 150w, https:\/\/educacion.udd.cl\/files\/2026\/03\/whatsapp-image-2026-03-31-at-15-37-00-62x62.jpeg 62w, https:\/\/educacion.udd.cl\/files\/2026\/03\/whatsapp-image-2026-03-31-at-15-37-00-500x500.jpeg 500w, https:\/\/educacion.udd.cl\/files\/2026\/03\/whatsapp-image-2026-03-31-at-15-37-00-250x250.jpeg 250w, https:\/\/educacion.udd.cl\/files\/2026\/03\/whatsapp-image-2026-03-31-at-15-37-00-126x126.jpeg 126w\" sizes=\"auto, (max-width: 500px) 100vw, 500px\" >\t\t\t\t\t\t<div class=\"fullwidth-card__content\">\n\t\t\t\t\t\t\t<span class=\"fullwidth-card__date\">30 de marzo 2026<\/span>\n\t\t\t\t\t\t\t<h3 class=\"fullwidth-card__title\">Experta belga en aprendizaje activo realiza taller para estudiantes de Pedagog\u00eda en Educaci\u00f3n UDD<\/h3>\n\t\t\t\t\t\t\t<span class=\"fullwidth-card__link\">Conocer m\u00e1s<\/span>\n\t\t\t\t\t\t<\/div>\n\t\t\t\t\t<\/a>\n\t\t\t\t<\/div>\n\t\t\t\t\t\t\t<div class=\"fullwidth-card-wrapper is-style-clear\">\n\t\t\t\t\t<a href=\"https:\/\/educacion.udd.cl\/noticias\/2026\/03\/facultad-de-educacion-udd-realiza-jornada-de-reflexion-docente-sobre-motivacion-y-aprendizaje\/\" class=\"fullwidth-card fullwidth-card--linkable\">\n\t\t\t\t\t\t<img class=\"fullwidth-card__image wp-post-image\" decoding=\"async\" loading=\"lazy\" width=\"500\" height=\"500\" src=\"https:\/\/educacion.udd.cl\/files\/2026\/03\/whatsapp-image-2026-03-27-at-11-17-38-500x500.jpeg\" alt=\"\" srcset=\"https:\/\/educacion.udd.cl\/files\/2026\/03\/whatsapp-image-2026-03-27-at-11-17-38-150x150.jpeg 150w, https:\/\/educacion.udd.cl\/files\/2026\/03\/whatsapp-image-2026-03-27-at-11-17-38-62x62.jpeg 62w, https:\/\/educacion.udd.cl\/files\/2026\/03\/whatsapp-image-2026-03-27-at-11-17-38-500x500.jpeg 500w, https:\/\/educacion.udd.cl\/files\/2026\/03\/whatsapp-image-2026-03-27-at-11-17-38-250x250.jpeg 250w, https:\/\/educacion.udd.cl\/files\/2026\/03\/whatsapp-image-2026-03-27-at-11-17-38-126x126.jpeg 126w\" sizes=\"auto, (max-width: 500px) 100vw, 500px\" >\t\t\t\t\t\t<div class=\"fullwidth-card__content\">\n\t\t\t\t\t\t\t<span class=\"fullwidth-card__date\">27 de marzo 2026<\/span>\n\t\t\t\t\t\t\t<h3 class=\"fullwidth-card__title\">Facultad de Educaci\u00f3n UDD realiza jornada de reflexi\u00f3n docente sobre motivaci\u00f3n y aprendizaje<\/h3>\n\t\t\t\t\t\t\t<span class=\"fullwidth-card__link\">Conocer m\u00e1s<\/span>\n\t\t\t\t\t\t<\/div>\n\t\t\t\t\t<\/a>\n\t\t\t\t<\/div>\n\t\t\t\t\t\t\t<div class=\"fullwidth-card-wrapper is-style-clear\">\n\t\t\t\t\t<a href=\"https:\/\/educacion.udd.cl\/noticias\/2026\/03\/vicedecano-de-educacion-udd-participa-en-reunion-anual-de-la-coalicion-global-por-la-educacion-en-unesco\/\" class=\"fullwidth-card fullwidth-card--linkable\">\n\t\t\t\t\t\t<img class=\"fullwidth-card__image wp-post-image\" decoding=\"async\" loading=\"lazy\" width=\"500\" height=\"500\" src=\"https:\/\/educacion.udd.cl\/files\/2026\/03\/whatsapp-image-2026-03-26-at-12-23-17-500x500.jpeg\" alt=\"\" srcset=\"https:\/\/educacion.udd.cl\/files\/2026\/03\/whatsapp-image-2026-03-26-at-12-23-17-150x150.jpeg 150w, https:\/\/educacion.udd.cl\/files\/2026\/03\/whatsapp-image-2026-03-26-at-12-23-17-62x62.jpeg 62w, https:\/\/educacion.udd.cl\/files\/2026\/03\/whatsapp-image-2026-03-26-at-12-23-17-500x500.jpeg 500w, https:\/\/educacion.udd.cl\/files\/2026\/03\/whatsapp-image-2026-03-26-at-12-23-17-250x250.jpeg 250w, https:\/\/educacion.udd.cl\/files\/2026\/03\/whatsapp-image-2026-03-26-at-12-23-17-126x126.jpeg 126w\" sizes=\"auto, (max-width: 500px) 100vw, 500px\" >\t\t\t\t\t\t<div class=\"fullwidth-card__content\">\n\t\t\t\t\t\t\t<span class=\"fullwidth-card__date\">25 de marzo 2026<\/span>\n\t\t\t\t\t\t\t<h3 class=\"fullwidth-card__title\">Vicedecano de Educaci\u00f3n UDD participa en reuni\u00f3n anual de la Coalici\u00f3n Global por la Educaci\u00f3n en UNESCO<\/h3>\n\t\t\t\t\t\t\t<span class=\"fullwidth-card__link\">Conocer m\u00e1s<\/span>\n\t\t\t\t\t\t<\/div>\n\t\t\t\t\t<\/a>\n\t\t\t\t<\/div>\n\t\t\t\t\t\t\t<div class=\"fullwidth-card-wrapper is-style-clear\">\n\t\t\t\t\t<a href=\"https:\/\/educacion.udd.cl\/noticias\/2026\/03\/educacion-udd-recibe-a-estudiantes-de-iii-y-iv-medio-en-una-nueva-version-del-open-day\/\" class=\"fullwidth-card fullwidth-card--linkable\">\n\t\t\t\t\t\t<img class=\"fullwidth-card__image wp-post-image\" decoding=\"async\" loading=\"lazy\" width=\"500\" height=\"500\" src=\"https:\/\/educacion.udd.cl\/files\/2026\/03\/img_20260321_125839-1-500x500.jpg\" alt=\"\" srcset=\"https:\/\/educacion.udd.cl\/files\/2026\/03\/img_20260321_125839-1-150x150.jpg 150w, https:\/\/educacion.udd.cl\/files\/2026\/03\/img_20260321_125839-1-62x62.jpg 62w, https:\/\/educacion.udd.cl\/files\/2026\/03\/img_20260321_125839-1-750x750.jpg 750w, https:\/\/educacion.udd.cl\/files\/2026\/03\/img_20260321_125839-1-500x500.jpg 500w, https:\/\/educacion.udd.cl\/files\/2026\/03\/img_20260321_125839-1-250x250.jpg 250w, https:\/\/educacion.udd.cl\/files\/2026\/03\/img_20260321_125839-1-126x126.jpg 126w\" sizes=\"auto, (max-width: 500px) 100vw, 500px\" >\t\t\t\t\t\t<div class=\"fullwidth-card__content\">\n\t\t\t\t\t\t\t<span class=\"fullwidth-card__date\">23 de marzo 2026<\/span>\n\t\t\t\t\t\t\t<h3 class=\"fullwidth-card__title\">Educaci\u00f3n UDD recibe a estudiantes de III y IV medio en una nueva versi\u00f3n del Open UDDay<\/h3>\n\t\t\t\t\t\t\t<span class=\"fullwidth-card__link\">Conocer m\u00e1s<\/span>\n\t\t\t\t\t\t<\/div>\n\t\t\t\t\t<\/a>\n\t\t\t\t<\/div>\n\t\t\t\t\t\t<\/div>\n\t\t<\/div>\n\t<\/div>\n<\/section>\n\n","protected":false},"excerpt":{"rendered":"<p>Lorem ipsum dolor sit amet, consectetuer adipiscing elit, sed diam nonummy nibh euismod tincidunt ut laoreet dolore magna aliquam erat volutpat. Ut wisi enim ad minim veniam, quis nostrud exerci tation ullamcorper suscipit lobortis nisl ut aliquip ex ea commodo consequat. Duis autem vel eum iriure dolor in hendrerit in vulputate velit esse molestie consequat, vel illum dolore eu feugiat nulla facilisis at vero eros et accumsan et iusto odio dignissim qui blandit praesent luptatum zzril delenit augue duis dolore te feugait nulla facilisi.<br \/>\nLorem ipsum dolor sit amet, cons ectetuer adipiscing elit, sed diam nonummy nibh euismod tincidunt ut laoreet dolore magna aliquam erat volutpat. Ut wisi enim ad minim veniam, quis nostrud exerci tation ullamcorper suscipit lobortis nisl ut aliquip ex ea commodo consequat.<br \/>\nLorem ipsum dolor sit amet, con<\/p>\n","protected":false},"author":9192215,"featured_media":175,"parent":0,"menu_order":0,"comment_status":"closed","ping_status":"closed","template":"","meta":{"footnotes":""},"class_list":["post-71","page","type-page","status-publish","has-post-thumbnail","hentry"],"yoast_head":"<!-- This site is optimized with the Yoast SEO plugin v26.9 - https:\/\/yoast.com\/product\/yoast-seo-wordpress\/ -->\n<title>inicio - Aprendizaje 180<\/title>\n<meta name=\"robots\" content=\"index, follow, max-snippet:-1, max-image-preview:large, max-video-preview:-1\" \/>\n<link rel=\"canonical\" href=\"https:\/\/educacion.udd.cl\/aprendizaje180\/\" \/>\n<meta property=\"og:locale\" content=\"es_ES\" \/>\n<meta property=\"og:type\" content=\"article\" \/>\n<meta property=\"og:title\" content=\"inicio - Aprendizaje 180\" \/>\n<meta property=\"og:description\" content=\"Lorem ipsum dolor sit amet, consectetuer adipiscing elit, sed diam nonummy nibh euismod tincidunt ut laoreet dolore magna aliquam erat volutpat. Ut wisi enim ad minim veniam, quis nostrud exerci tation ullamcorper suscipit lobortis nisl ut aliquip ex ea commodo consequat. Duis autem vel eum iriure dolor in hendrerit in vulputate velit esse molestie consequat, vel illum dolore eu feugiat nulla facilisis at vero eros et accumsan et iusto odio dignissim qui blandit praesent luptatum zzril delenit augue duis dolore te feugait nulla facilisi. Lorem ipsum dolor sit amet, cons ectetuer adipiscing elit, sed diam nonummy nibh euismod tincidunt ut laoreet dolore magna aliquam erat volutpat. Ut wisi enim ad minim veniam, quis nostrud exerci tation ullamcorper suscipit lobortis nisl ut aliquip ex ea commodo consequat. Lorem ipsum dolor sit amet, con\" \/>\n<meta property=\"og:url\" content=\"https:\/\/educacion.udd.cl\/aprendizaje180\/\" \/>\n<meta property=\"og:site_name\" content=\"Aprendizaje 180\" \/>\n<meta property=\"article:modified_time\" content=\"2026-02-25T19:34:38+00:00\" \/>\n<meta property=\"og:image\" content=\"http:\/\/educacion.udd.cl\/aprendizaje180\/files\/2020\/11\/Header-ppal.jpg\" \/>\n\t<meta property=\"og:image:width\" content=\"1440\" \/>\n\t<meta property=\"og:image:height\" content=\"711\" \/>\n\t<meta property=\"og:image:type\" content=\"image\/jpeg\" \/>\n<meta name=\"twitter:card\" content=\"summary_large_image\" \/>\n<meta name=\"twitter:label1\" content=\"Tiempo de lectura\" \/>\n\t<meta name=\"twitter:data1\" content=\"1 minuto\" \/>\n<script type=\"application\/ld+json\" class=\"yoast-schema-graph\">{\"@context\":\"https:\/\/schema.org\",\"@graph\":[{\"@type\":\"WebPage\",\"@id\":\"https:\/\/educacion.udd.cl\/aprendizaje180\/\",\"url\":\"https:\/\/educacion.udd.cl\/aprendizaje180\/\",\"name\":\"inicio - Aprendizaje 180\",\"isPartOf\":{\"@id\":\"https:\/\/educacion.udd.cl\/aprendizaje180\/#website\"},\"primaryImageOfPage\":{\"@id\":\"https:\/\/educacion.udd.cl\/aprendizaje180\/#primaryimage\"},\"image\":{\"@id\":\"https:\/\/educacion.udd.cl\/aprendizaje180\/#primaryimage\"},\"thumbnailUrl\":\"https:\/\/educacion.udd.cl\/aprendizaje180\/files\/2020\/11\/Header-ppal.jpg\",\"datePublished\":\"2020-11-26T03:21:02+00:00\",\"dateModified\":\"2026-02-25T19:34:38+00:00\",\"breadcrumb\":{\"@id\":\"https:\/\/educacion.udd.cl\/aprendizaje180\/#breadcrumb\"},\"inLanguage\":\"es\",\"potentialAction\":[{\"@type\":\"ReadAction\",\"target\":[\"https:\/\/educacion.udd.cl\/aprendizaje180\/\"]}]},{\"@type\":\"ImageObject\",\"inLanguage\":\"es\",\"@id\":\"https:\/\/educacion.udd.cl\/aprendizaje180\/#primaryimage\",\"url\":\"https:\/\/educacion.udd.cl\/aprendizaje180\/files\/2020\/11\/Header-ppal.jpg\",\"contentUrl\":\"https:\/\/educacion.udd.cl\/aprendizaje180\/files\/2020\/11\/Header-ppal.jpg\",\"width\":1440,\"height\":711},{\"@type\":\"BreadcrumbList\",\"@id\":\"https:\/\/educacion.udd.cl\/aprendizaje180\/#breadcrumb\",\"itemListElement\":[{\"@type\":\"ListItem\",\"position\":1,\"name\":\"Portada\",\"item\":\"https:\/\/educacion.udd.cl\/aprendizaje180\/\"},{\"@type\":\"ListItem\",\"position\":2,\"name\":\"inicio\"}]},{\"@type\":\"WebSite\",\"@id\":\"https:\/\/educacion.udd.cl\/aprendizaje180\/#website\",\"url\":\"https:\/\/educacion.udd.cl\/aprendizaje180\/\",\"name\":\"Aprendizaje 180\",\"description\":\"Otro sitio m\u00e1s de Educacion\",\"inLanguage\":\"es\"}]}<\/script>\n<!-- \/ Yoast SEO plugin. -->","yoast_head_json":{"title":"inicio - Aprendizaje 180","robots":{"index":"index","follow":"follow","max-snippet":"max-snippet:-1","max-image-preview":"max-image-preview:large","max-video-preview":"max-video-preview:-1"},"canonical":"https:\/\/educacion.udd.cl\/aprendizaje180\/","og_locale":"es_ES","og_type":"article","og_title":"inicio - Aprendizaje 180","og_description":"Lorem ipsum dolor sit amet, consectetuer adipiscing elit, sed diam nonummy nibh euismod tincidunt ut laoreet dolore magna aliquam erat volutpat. Ut wisi enim ad minim veniam, quis nostrud exerci tation ullamcorper suscipit lobortis nisl ut aliquip ex ea commodo consequat. Duis autem vel eum iriure dolor in hendrerit in vulputate velit esse molestie consequat, vel illum dolore eu feugiat nulla facilisis at vero eros et accumsan et iusto odio dignissim qui blandit praesent luptatum zzril delenit augue duis dolore te feugait nulla facilisi. Lorem ipsum dolor sit amet, cons ectetuer adipiscing elit, sed diam nonummy nibh euismod tincidunt ut laoreet dolore magna aliquam erat volutpat. Ut wisi enim ad minim veniam, quis nostrud exerci tation ullamcorper suscipit lobortis nisl ut aliquip ex ea commodo consequat. Lorem ipsum dolor sit amet, con","og_url":"https:\/\/educacion.udd.cl\/aprendizaje180\/","og_site_name":"Aprendizaje 180","article_modified_time":"2026-02-25T19:34:38+00:00","og_image":[{"width":1440,"height":711,"url":"http:\/\/educacion.udd.cl\/aprendizaje180\/files\/2020\/11\/Header-ppal.jpg","type":"image\/jpeg"}],"twitter_card":"summary_large_image","twitter_misc":{"Tiempo de lectura":"1 minuto"},"schema":{"@context":"https:\/\/schema.org","@graph":[{"@type":"WebPage","@id":"https:\/\/educacion.udd.cl\/aprendizaje180\/","url":"https:\/\/educacion.udd.cl\/aprendizaje180\/","name":"inicio - Aprendizaje 180","isPartOf":{"@id":"https:\/\/educacion.udd.cl\/aprendizaje180\/#website"},"primaryImageOfPage":{"@id":"https:\/\/educacion.udd.cl\/aprendizaje180\/#primaryimage"},"image":{"@id":"https:\/\/educacion.udd.cl\/aprendizaje180\/#primaryimage"},"thumbnailUrl":"https:\/\/educacion.udd.cl\/aprendizaje180\/files\/2020\/11\/Header-ppal.jpg","datePublished":"2020-11-26T03:21:02+00:00","dateModified":"2026-02-25T19:34:38+00:00","breadcrumb":{"@id":"https:\/\/educacion.udd.cl\/aprendizaje180\/#breadcrumb"},"inLanguage":"es","potentialAction":[{"@type":"ReadAction","target":["https:\/\/educacion.udd.cl\/aprendizaje180\/"]}]},{"@type":"ImageObject","inLanguage":"es","@id":"https:\/\/educacion.udd.cl\/aprendizaje180\/#primaryimage","url":"https:\/\/educacion.udd.cl\/aprendizaje180\/files\/2020\/11\/Header-ppal.jpg","contentUrl":"https:\/\/educacion.udd.cl\/aprendizaje180\/files\/2020\/11\/Header-ppal.jpg","width":1440,"height":711},{"@type":"BreadcrumbList","@id":"https:\/\/educacion.udd.cl\/aprendizaje180\/#breadcrumb","itemListElement":[{"@type":"ListItem","position":1,"name":"Portada","item":"https:\/\/educacion.udd.cl\/aprendizaje180\/"},{"@type":"ListItem","position":2,"name":"inicio"}]},{"@type":"WebSite","@id":"https:\/\/educacion.udd.cl\/aprendizaje180\/#website","url":"https:\/\/educacion.udd.cl\/aprendizaje180\/","name":"Aprendizaje 180","description":"Otro sitio m\u00e1s de Educacion","inLanguage":"es"}]}},"_links":{"self":[{"href":"https:\/\/educacion.udd.cl\/aprendizaje180\/wp-json\/wp\/v2\/pages\/71","targetHints":{"allow":["GET"]}}],"collection":[{"href":"https:\/\/educacion.udd.cl\/aprendizaje180\/wp-json\/wp\/v2\/pages"}],"about":[{"href":"https:\/\/educacion.udd.cl\/aprendizaje180\/wp-json\/wp\/v2\/types\/page"}],"author":[{"embeddable":true,"href":"https:\/\/educacion.udd.cl\/aprendizaje180\/wp-json\/wp\/v2\/users\/9192215"}],"replies":[{"embeddable":true,"href":"https:\/\/educacion.udd.cl\/aprendizaje180\/wp-json\/wp\/v2\/comments?post=71"}],"version-history":[{"count":50,"href":"https:\/\/educacion.udd.cl\/aprendizaje180\/wp-json\/wp\/v2\/pages\/71\/revisions"}],"predecessor-version":[{"id":542,"href":"https:\/\/educacion.udd.cl\/aprendizaje180\/wp-json\/wp\/v2\/pages\/71\/revisions\/542"}],"wp:featuredmedia":[{"embeddable":true,"href":"https:\/\/educacion.udd.cl\/aprendizaje180\/wp-json\/wp\/v2\/media\/175"}],"wp:attachment":[{"href":"https:\/\/educacion.udd.cl\/aprendizaje180\/wp-json\/wp\/v2\/media?parent=71"}],"curies":[{"name":"wp","href":"https:\/\/api.w.org\/{rel}","templated":true}]}}