{"id":26,"date":"2020-11-26T01:28:35","date_gmt":"2020-11-26T00:28:35","guid":{"rendered":"https:\/\/educacion.udd.cl\/aprendizaje180\/?page_id=26"},"modified":"2020-11-27T17:22:31","modified_gmt":"2020-11-27T16:22:31","slug":"formacion","status":"publish","type":"page","link":"https:\/\/educacion.udd.cl\/aprendizaje180\/formacion\/","title":{"rendered":"Formaci\u00f3n"},"content":{"rendered":"<!-- WP Block: UDD - Cards Alternate -->\n<section class=\"wp-block-udd-access-cards\">\n\t<div class=\"container\">\n\t\t\t\t<div class=\"block__content\">\n\t\t\t<div class=\"access-cards\">\n\t\t\t\t\t\t\t<div class=\"access-card-wrapper\">\n\t\t\t\t\t\t\t\t\t\t<div class=\"access-card\">\n\t\t\t\t\t\t<h3 class=\"access-card__title\">MICE | Mag\u00edster en Innovaci\u00f3n Curricular y Evaluaci\u00f3n Educativa<\/h3>\n\t\t\t\t\t\t<p class=\"access-card__description\">\n\t\t\t\t\t\t\t\t\t\t\t\t\t<\/p>\n\t\t\t\t\t\t\t\t\t\t\t<ul class=\"access-card__nav\">\n\t\t\t\t\t\t\t\t\t\t\t\t\t<li class=\"access-card__nav-item\">\n\t\t\t\t\t\t\t\t\t\t\t\t\t\t\t<span>El Mag\u00edster en Innovaci\u00f3n Curricular y Evaluaci\u00f3n Educativa se desarrolla estrechamente con los objetivos de Aprendizaje180, dirigido a l\u00edderes pedag\u00f3gicos motivados por el aprendizaje de los alumnos y por un desempe\u00f1o de excelencia, con el objetivo de fortalecer sus competencias para innovar y gestionar el curr\u00edculum en todos los niveles educativos, desarrollando procesos de evaluaci\u00f3n que orienten las decisiones pedag\u00f3gicas al logro de est\u00e1ndares de calidad.<\/span>\n\t\t\t\t\t\t\t\t\t\t\t\t\t\t\t\t\t\t\t<\/ul>\n\t\t\t\t\t\t\t\t\t\t\t\t\t\t\t\t\t\t<div class=\"access-card__link\">\n\t\t\t\t\t\t\t\t<a href=\"https:\/\/educacion.udd.cl\/postgrado\/magister-innovacion-curricular-evaluacion-educativa\/\" class=\"access-card__link-text\" data-url=\"https:\/\/educacion.udd.cl\/postgrado\/magister-innovacion-curricular-evaluacion-educativa\/\">Ver m\u00e1s<\/a>\n\t\t\t\t\t\t\t<\/div>\n\t\t\t\t\t\t\t\t\t\t\t<\/div>\n\t\t\t\t<\/div>\n\t\t\t\t\t\t\t<div class=\"access-card-wrapper\">\n\t\t\t\t\t\t\t\t\t\t<div class=\"access-card\">\n\t\t\t\t\t\t<h3 class=\"access-card__title\">Diplomado en Toma de decisiones pedag\u00f3gicas basadas en Datos<\/h3>\n\t\t\t\t\t\t<p class=\"access-card__description\">\n\t\t\t\t\t\t\t\t\t\t\t\t\t<\/p>\n\t\t\t\t\t\t\t\t\t\t\t<ul class=\"access-card__nav\">\n\t\t\t\t\t\t\t\t\t\t\t\t\t<li class=\"access-card__nav-item\">\n\t\t\t\t\t\t\t\t\t\t\t\t\t\t\t<span>Este programa busca formar a directivos y equipos de gesti\u00f3n en competencias que permitan transformar los datos en conocimiento \u00fatil para la toma de decisiones y promuevan una cultura colaborativa y participativa de uso de datos, que apunte al mejoramiento continuo del establecimiento educacional, como respuesta a las indicaciones de la comisi\u00f3n \u201cTodos al Aula\u201d (Mineduc, 2018) y la Gu\u00eda Metodol\u00f3gica para el uso de datos (Agencia de Calidad, 2018).<\/span>\n\t\t\t\t\t\t\t\t\t\t\t\t\t\t\t\t\t\t\t<\/ul>\n\t\t\t\t\t\t\t\t\t\t\t\t\t\t\t\t\t\t<div class=\"access-card__link\">\n\t\t\t\t\t\t\t\t<a href=\"https:\/\/educacion.udd.cl\/ver-diplomado\/decisiones-pedagogicas-basadas-en-datos\/\" class=\"access-card__link-text\" data-url=\"https:\/\/educacion.udd.cl\/ver-diplomado\/decisiones-pedagogicas-basadas-en-datos\/\">Ver m\u00e1s<\/a>\n\t\t\t\t\t\t\t<\/div>\n\t\t\t\t\t\t\t\t\t\t\t<\/div>\n\t\t\t\t<\/div>\n\t\t\t\t\t\t\t<div class=\"access-card-wrapper\">\n\t\t\t\t\t\t\t\t\t\t<div class=\"access-card\">\n\t\t\t\t\t\t<h3 class=\"access-card__title\">Diplomado en Estrategias de Innovaci\u00f3n para Entornos Educativos pro virtual<\/h3>\n\t\t\t\t\t\t<p class=\"access-card__description\">\n\t\t\t\t\t\t\t\t\t\t\t\t\t<\/p>\n\t\t\t\t\t\t\t\t\t\t\t<ul class=\"access-card__nav\">\n\t\t\t\t\t\t\t\t\t\t\t\t\t<li class=\"access-card__nav-item\">\n\t\t\t\t\t\t\t\t\t\t\t\t\t\t\t<span>El diplomado, desarrollado en alianza con iCubo, se enfoca en poder entregar diversas herramientas que permitan conocer, comprender e identificar distintas tecnolog\u00edas innovadoras que permitan facilitar y potenciar el aprendizaje a distancia. El prop\u00f3sito del programa es poder reconocer la innovaci\u00f3n como un pilar fundamental para el desarrollo de cualquier estrategia o tecnolog\u00eda que permita potenciar la comprensi\u00f3n que tenemos del entorno. Ya sea en contextos laborales o educativos, la innovaci\u00f3n es esencial al momento de dise\u00f1ar y redise\u00f1ar estrategias eficientes y eficaces en cualquier \u00e1mbito que se le involucre.<\/span>\n\t\t\t\t\t\t\t\t\t\t\t\t\t\t\t\t\t\t\t<\/ul>\n\t\t\t\t\t\t\t\t\t\t\t\t\t\t\t\t\t\t<div class=\"access-card__link\">\n\t\t\t\t\t\t\t\t<a href=\"https:\/\/educacion.udd.cl\/ver-diplomado\/diplomado-estrategias-de-innovacion-para-entornos-educativos-virtuales\/\" class=\"access-card__link-text\" data-url=\"https:\/\/educacion.udd.cl\/ver-diplomado\/diplomado-estrategias-de-innovacion-para-entornos-educativos-virtuales\/\">Ver m\u00e1s<\/a>\n\t\t\t\t\t\t\t<\/div>\n\t\t\t\t\t\t\t\t\t\t\t<\/div>\n\t\t\t\t<\/div>\n\t\t\t\t\t\t<\/div>\n\t\t<\/div>\n\t<\/div>\n<\/section>\n","protected":false},"excerpt":{"rendered":"","protected":false},"author":9192215,"featured_media":0,"parent":0,"menu_order":0,"comment_status":"closed","ping_status":"closed","template":"","meta":{"footnotes":""},"class_list":["post-26","page","type-page","status-publish","hentry"],"yoast_head":"<!-- This site is optimized with the Yoast SEO plugin v26.9 - https:\/\/yoast.com\/product\/yoast-seo-wordpress\/ -->\n<title>Formaci\u00f3n - Aprendizaje 180<\/title>\n<meta name=\"robots\" content=\"index, follow, max-snippet:-1, max-image-preview:large, max-video-preview:-1\" \/>\n<link rel=\"canonical\" href=\"https:\/\/educacion.udd.cl\/aprendizaje180\/formacion\/\" \/>\n<meta property=\"og:locale\" content=\"es_ES\" \/>\n<meta property=\"og:type\" content=\"article\" \/>\n<meta property=\"og:title\" content=\"Formaci\u00f3n - Aprendizaje 180\" \/>\n<meta property=\"og:url\" content=\"https:\/\/educacion.udd.cl\/aprendizaje180\/formacion\/\" \/>\n<meta property=\"og:site_name\" content=\"Aprendizaje 180\" \/>\n<meta property=\"article:modified_time\" content=\"2020-11-27T16:22:31+00:00\" \/>\n<meta name=\"twitter:card\" content=\"summary_large_image\" \/>\n<script type=\"application\/ld+json\" class=\"yoast-schema-graph\">{\"@context\":\"https:\/\/schema.org\",\"@graph\":[{\"@type\":\"WebPage\",\"@id\":\"https:\/\/educacion.udd.cl\/aprendizaje180\/formacion\/\",\"url\":\"https:\/\/educacion.udd.cl\/aprendizaje180\/formacion\/\",\"name\":\"Formaci\u00f3n - Aprendizaje 180\",\"isPartOf\":{\"@id\":\"https:\/\/educacion.udd.cl\/aprendizaje180\/#website\"},\"datePublished\":\"2020-11-26T00:28:35+00:00\",\"dateModified\":\"2020-11-27T16:22:31+00:00\",\"breadcrumb\":{\"@id\":\"https:\/\/educacion.udd.cl\/aprendizaje180\/formacion\/#breadcrumb\"},\"inLanguage\":\"es\",\"potentialAction\":[{\"@type\":\"ReadAction\",\"target\":[\"https:\/\/educacion.udd.cl\/aprendizaje180\/formacion\/\"]}]},{\"@type\":\"BreadcrumbList\",\"@id\":\"https:\/\/educacion.udd.cl\/aprendizaje180\/formacion\/#breadcrumb\",\"itemListElement\":[{\"@type\":\"ListItem\",\"position\":1,\"name\":\"Portada\",\"item\":\"https:\/\/educacion.udd.cl\/aprendizaje180\/\"},{\"@type\":\"ListItem\",\"position\":2,\"name\":\"Formaci\u00f3n\"}]},{\"@type\":\"WebSite\",\"@id\":\"https:\/\/educacion.udd.cl\/aprendizaje180\/#website\",\"url\":\"https:\/\/educacion.udd.cl\/aprendizaje180\/\",\"name\":\"Aprendizaje 180\",\"description\":\"Otro sitio m\u00e1s de Educacion\",\"inLanguage\":\"es\"}]}<\/script>\n<!-- \/ Yoast SEO plugin. -->","yoast_head_json":{"title":"Formaci\u00f3n - Aprendizaje 180","robots":{"index":"index","follow":"follow","max-snippet":"max-snippet:-1","max-image-preview":"max-image-preview:large","max-video-preview":"max-video-preview:-1"},"canonical":"https:\/\/educacion.udd.cl\/aprendizaje180\/formacion\/","og_locale":"es_ES","og_type":"article","og_title":"Formaci\u00f3n - Aprendizaje 180","og_url":"https:\/\/educacion.udd.cl\/aprendizaje180\/formacion\/","og_site_name":"Aprendizaje 180","article_modified_time":"2020-11-27T16:22:31+00:00","twitter_card":"summary_large_image","schema":{"@context":"https:\/\/schema.org","@graph":[{"@type":"WebPage","@id":"https:\/\/educacion.udd.cl\/aprendizaje180\/formacion\/","url":"https:\/\/educacion.udd.cl\/aprendizaje180\/formacion\/","name":"Formaci\u00f3n - Aprendizaje 180","isPartOf":{"@id":"https:\/\/educacion.udd.cl\/aprendizaje180\/#website"},"datePublished":"2020-11-26T00:28:35+00:00","dateModified":"2020-11-27T16:22:31+00:00","breadcrumb":{"@id":"https:\/\/educacion.udd.cl\/aprendizaje180\/formacion\/#breadcrumb"},"inLanguage":"es","potentialAction":[{"@type":"ReadAction","target":["https:\/\/educacion.udd.cl\/aprendizaje180\/formacion\/"]}]},{"@type":"BreadcrumbList","@id":"https:\/\/educacion.udd.cl\/aprendizaje180\/formacion\/#breadcrumb","itemListElement":[{"@type":"ListItem","position":1,"name":"Portada","item":"https:\/\/educacion.udd.cl\/aprendizaje180\/"},{"@type":"ListItem","position":2,"name":"Formaci\u00f3n"}]},{"@type":"WebSite","@id":"https:\/\/educacion.udd.cl\/aprendizaje180\/#website","url":"https:\/\/educacion.udd.cl\/aprendizaje180\/","name":"Aprendizaje 180","description":"Otro sitio m\u00e1s de Educacion","inLanguage":"es"}]}},"_links":{"self":[{"href":"https:\/\/educacion.udd.cl\/aprendizaje180\/wp-json\/wp\/v2\/pages\/26","targetHints":{"allow":["GET"]}}],"collection":[{"href":"https:\/\/educacion.udd.cl\/aprendizaje180\/wp-json\/wp\/v2\/pages"}],"about":[{"href":"https:\/\/educacion.udd.cl\/aprendizaje180\/wp-json\/wp\/v2\/types\/page"}],"author":[{"embeddable":true,"href":"https:\/\/educacion.udd.cl\/aprendizaje180\/wp-json\/wp\/v2\/users\/9192215"}],"replies":[{"embeddable":true,"href":"https:\/\/educacion.udd.cl\/aprendizaje180\/wp-json\/wp\/v2\/comments?post=26"}],"version-history":[{"count":12,"href":"https:\/\/educacion.udd.cl\/aprendizaje180\/wp-json\/wp\/v2\/pages\/26\/revisions"}],"predecessor-version":[{"id":165,"href":"https:\/\/educacion.udd.cl\/aprendizaje180\/wp-json\/wp\/v2\/pages\/26\/revisions\/165"}],"wp:attachment":[{"href":"https:\/\/educacion.udd.cl\/aprendizaje180\/wp-json\/wp\/v2\/media?parent=26"}],"curies":[{"name":"wp","href":"https:\/\/api.w.org\/{rel}","templated":true}]}}