{"id":19,"date":"2020-11-25T23:31:27","date_gmt":"2020-11-25T22:31:27","guid":{"rendered":"https:\/\/educacion.udd.cl\/aprendizaje180\/?page_id=19"},"modified":"2020-12-01T02:37:02","modified_gmt":"2020-12-01T01:37:02","slug":"inicio","status":"publish","type":"page","link":"https:\/\/educacion.udd.cl\/aprendizaje180\/inicio\/","title":{"rendered":"Qui\u00e9nes Somos"},"content":{"rendered":"<section class=\"wp-block-udd-text-row\">\n<div class=\"text-row\">\n<div class=\"text-row__content\">\n<div class=\"text-row__content-inner text\">\n<h2><span style=\"font-size:36px;color: #2c3d46;line-height: 26px;background:#345e92;color: #ffffff\">Misi\u00f3n<\/span><\/h2>\n<div>\n<p>Impulsar el uso de la tecnolog\u00eda y la innovaci\u00f3n como herramientas para el aprendizaje entre docentes y estudiantes, adem\u00e1s de ser un aporte en mejorar la gesti\u00f3n y administraci\u00f3n en las instituciones, y canalizar la vinculaci\u00f3n con experiencias educativas internacionales en el contexto de la globalizaci\u00f3n, a trav\u00e9s del estudio del dise\u00f1o e implementaci\u00f3n de los desarrollos tecnol\u00f3gicos disponibles y la contribuci\u00f3n a su mejora.<\/p>\n<\/div>\n<\/div>\n<\/div>\n<div class=\"text-row__media\"><img loading=\"lazy\" decoding=\"async\" class=\"text-row__media-image\" src=\"https:\/\/educacion.udd.cl\/aprendizaje180\/files\/2020\/11\/pexels-anna-shvets-4226262.jpg\" alt=\"Ejemplo de imagen del horizonte de contenido de texto.\" width=\"1301\" height=\"732\"><\/div>\n<\/div>\n<\/section>\n\n<section class=\"wp-block-udd-text-row\">\n<div class=\"text-row\">\n<div class=\"text-row__content\">\n<div class=\"text-row__content-inner text\">\n<h2><span style=\"font-size: 36px;color: #ffffff;line-height: 26px;background: #345e92\">Visi\u00f3n<\/span><\/h2>\n<div>\n<p>Ser reconocidos como un centro que promueve la tecnolog\u00eda educativa e innovaci\u00f3n como herramientas que buscan hacer m\u00e1s eficiente, eficaz y equitativo el proceso de ense\u00f1anza-aprendizaje.<\/p>\n<\/div>\n<\/div>\n<\/div>\n<div class=\"text-row__media\"><img loading=\"lazy\" decoding=\"async\" class=\"text-row__media-image\" src=\"https:\/\/educacion.udd.cl\/aprendizaje180\/files\/2020\/11\/pexels-visual-tag-mx-2566581.jpg\" alt=\"Ejemplo de imagen del horizonte de contenido de texto.\" width=\"1301\" height=\"732\" \/><\/div>\n<\/div>\n<\/section>\n\n\n<h2 class=\"has-text-align-left wp-block-heading\"><strong>Equipo<\/strong><\/h2>\n\n\n<!-- WP Block: UDD - People -->\n<section class=\"wp-block-udd-people \">\n\t<div class=\"container\">\n\t\t\t\t<div class=\"people-cards\">\n\t\t\t\t\t<div class=\"person-card\">\n\t<a href=\"https:\/\/educacion.udd.cl\/aprendizaje180\/persona\/martin-valdivia\/\"\n\t\tclass=\"person-card__inner js-person-modal\"\n\t\tdata-post-id=\"5\"\n\t\tdata-postid=\"5\"\n\t>\n\t\t\t<div class=\"person-card__media\">\n\t\t\t<img loading=\"lazy\" decoding=\"async\" width=\"500\" height=\"500\" src=\"https:\/\/educacion.udd.cl\/aprendizaje180\/files\/2020\/11\/Martin-sitio-web-750x750-1-62x62.jpg\" class=\"person-card__image wp-post-image lazyload\" alt=\"\" sizes=\"auto, (max-width: 500px) 100vw, 500px\" data-src=\"https:\/\/educacion.udd.cl\/aprendizaje180\/files\/2020\/11\/Martin-sitio-web-750x750-1-500x500.jpg\" data-srcset=\"https:\/\/educacion.udd.cl\/aprendizaje180\/files\/2020\/11\/Martin-sitio-web-750x750-1-500x500.jpg 500w, https:\/\/educacion.udd.cl\/aprendizaje180\/files\/2020\/11\/Martin-sitio-web-750x750-1-300x300.jpg 300w, https:\/\/educacion.udd.cl\/aprendizaje180\/files\/2020\/11\/Martin-sitio-web-750x750-1-150x150.jpg 150w, https:\/\/educacion.udd.cl\/aprendizaje180\/files\/2020\/11\/Martin-sitio-web-750x750-1-62x62.jpg 62w, https:\/\/educacion.udd.cl\/aprendizaje180\/files\/2020\/11\/Martin-sitio-web-750x750-1-250x250.jpg 250w, https:\/\/educacion.udd.cl\/aprendizaje180\/files\/2020\/11\/Martin-sitio-web-750x750-1-126x126.jpg 126w, https:\/\/educacion.udd.cl\/aprendizaje180\/files\/2020\/11\/Martin-sitio-web-750x750-1.jpg 750w\" \/>\t\t<\/div>\n\t\t\t<div class=\"person-card__content\">\n\t\t\t<h3 class=\"person-card__name\">Mart\u00edn  Valdivia<\/h3>\n\t\t\t\t\t<span class=\"person-card__description\">Director Ejecutivo<\/span>\n\t\t\t\t\t<span class=\"person-card__cta\">Ver perfil<\/span>\n\t\t<\/div>\n\t<\/a>\n<\/div>\n\t\t\t\t\t<div class=\"person-card\">\n\t<a href=\"https:\/\/educacion.udd.cl\/aprendizaje180\/persona\/ana-maria-jimenez\/\"\n\t\tclass=\"person-card__inner js-person-modal\"\n\t\tdata-post-id=\"102\"\n\t\tdata-postid=\"102\"\n\t>\n\t\t\t<div class=\"person-card__media\">\n\t\t\t<img loading=\"lazy\" decoding=\"async\" width=\"500\" height=\"500\" src=\"https:\/\/educacion.udd.cl\/aprendizaje180\/files\/2020\/11\/Ana-M.-Jimenez-62x62.jpg\" class=\"person-card__image wp-post-image lazyload\" alt=\"\" sizes=\"auto, (max-width: 500px) 100vw, 500px\" data-src=\"https:\/\/educacion.udd.cl\/aprendizaje180\/files\/2020\/11\/Ana-M.-Jimenez-500x500.jpg\" data-srcset=\"https:\/\/educacion.udd.cl\/aprendizaje180\/files\/2020\/11\/Ana-M.-Jimenez-500x500.jpg 500w, https:\/\/educacion.udd.cl\/aprendizaje180\/files\/2020\/11\/Ana-M.-Jimenez-300x300.jpg 300w, https:\/\/educacion.udd.cl\/aprendizaje180\/files\/2020\/11\/Ana-M.-Jimenez-150x150.jpg 150w, https:\/\/educacion.udd.cl\/aprendizaje180\/files\/2020\/11\/Ana-M.-Jimenez-62x62.jpg 62w, https:\/\/educacion.udd.cl\/aprendizaje180\/files\/2020\/11\/Ana-M.-Jimenez-250x250.jpg 250w, https:\/\/educacion.udd.cl\/aprendizaje180\/files\/2020\/11\/Ana-M.-Jimenez-126x126.jpg 126w, https:\/\/educacion.udd.cl\/aprendizaje180\/files\/2020\/11\/Ana-M.-Jimenez.jpg 601w\" \/>\t\t<\/div>\n\t\t\t<div class=\"person-card__content\">\n\t\t\t<h3 class=\"person-card__name\">Ana Mar\u00eda Jim\u00e9nez<\/h3>\n\t\t\t\t\t<span class=\"person-card__description\">Directora de Investigaci\u00f3n<\/span>\n\t\t\t\t\t<span class=\"person-card__cta\">Ver perfil<\/span>\n\t\t<\/div>\n\t<\/a>\n<\/div>\n\t\t\t\t\t<div class=\"person-card\">\n\t<a href=\"https:\/\/educacion.udd.cl\/aprendizaje180\/persona\/valentina-williamson\/\"\n\t\tclass=\"person-card__inner js-person-modal\"\n\t\tdata-post-id=\"103\"\n\t\tdata-postid=\"103\"\n\t>\n\t\t\t<div class=\"person-card__media\">\n\t\t\t<img loading=\"lazy\" decoding=\"async\" width=\"500\" height=\"500\" src=\"https:\/\/educacion.udd.cl\/aprendizaje180\/files\/2020\/11\/vw-1-750x750-1-62x62.jpg\" class=\"person-card__image wp-post-image lazyload\" alt=\"\" sizes=\"auto, (max-width: 500px) 100vw, 500px\" data-src=\"https:\/\/educacion.udd.cl\/aprendizaje180\/files\/2020\/11\/vw-1-750x750-1-500x500.jpg\" data-srcset=\"https:\/\/educacion.udd.cl\/aprendizaje180\/files\/2020\/11\/vw-1-750x750-1-500x500.jpg 500w, https:\/\/educacion.udd.cl\/aprendizaje180\/files\/2020\/11\/vw-1-750x750-1-300x300.jpg 300w, https:\/\/educacion.udd.cl\/aprendizaje180\/files\/2020\/11\/vw-1-750x750-1-150x150.jpg 150w, https:\/\/educacion.udd.cl\/aprendizaje180\/files\/2020\/11\/vw-1-750x750-1-62x62.jpg 62w, https:\/\/educacion.udd.cl\/aprendizaje180\/files\/2020\/11\/vw-1-750x750-1-250x250.jpg 250w, https:\/\/educacion.udd.cl\/aprendizaje180\/files\/2020\/11\/vw-1-750x750-1-126x126.jpg 126w, https:\/\/educacion.udd.cl\/aprendizaje180\/files\/2020\/11\/vw-1-750x750-1.jpg 750w\" \/>\t\t<\/div>\n\t\t\t<div class=\"person-card__content\">\n\t\t\t<h3 class=\"person-card__name\">Valentina Williamson<\/h3>\n\t\t\t\t\t<span class=\"person-card__description\">Encargada de Formaci\u00f3n<\/span>\n\t\t\t\t\t<span class=\"person-card__cta\">Ver perfil<\/span>\n\t\t<\/div>\n\t<\/a>\n<\/div>\n\t\t\t\t\t<div class=\"person-card\">\n\t<a href=\"https:\/\/educacion.udd.cl\/aprendizaje180\/persona\/maria-paz-arriagada\/\"\n\t\tclass=\"person-card__inner js-person-modal\"\n\t\tdata-post-id=\"104\"\n\t\tdata-postid=\"104\"\n\t>\n\t\t\t<div class=\"person-card__media\">\n\t\t\t<img loading=\"lazy\" decoding=\"async\" width=\"500\" height=\"500\" src=\"https:\/\/educacion.udd.cl\/aprendizaje180\/files\/2020\/11\/MPA2-500x500-1-62x62.jpeg\" class=\"person-card__image wp-post-image lazyload\" alt=\"\" sizes=\"auto, (max-width: 500px) 100vw, 500px\" data-src=\"https:\/\/educacion.udd.cl\/aprendizaje180\/files\/2020\/11\/MPA2-500x500-1.jpeg\" data-srcset=\"https:\/\/educacion.udd.cl\/aprendizaje180\/files\/2020\/11\/MPA2-500x500-1.jpeg 500w, https:\/\/educacion.udd.cl\/aprendizaje180\/files\/2020\/11\/MPA2-500x500-1-300x300.jpeg 300w, https:\/\/educacion.udd.cl\/aprendizaje180\/files\/2020\/11\/MPA2-500x500-1-150x150.jpeg 150w, https:\/\/educacion.udd.cl\/aprendizaje180\/files\/2020\/11\/MPA2-500x500-1-62x62.jpeg 62w, https:\/\/educacion.udd.cl\/aprendizaje180\/files\/2020\/11\/MPA2-500x500-1-250x250.jpeg 250w, https:\/\/educacion.udd.cl\/aprendizaje180\/files\/2020\/11\/MPA2-500x500-1-126x126.jpeg 126w\" \/>\t\t<\/div>\n\t\t\t<div class=\"person-card__content\">\n\t\t\t<h3 class=\"person-card__name\">Mar\u00eda Paz Arriagada<\/h3>\n\t\t\t\t\t<span class=\"person-card__description\">Encargada de proyectos<\/span>\n\t\t\t\t\t<span class=\"person-card__cta\">Ver perfil<\/span>\n\t\t<\/div>\n\t<\/a>\n<\/div>\n\t\t\t\t\t<div class=\"person-card\">\n\t<a href=\"https:\/\/educacion.udd.cl\/aprendizaje180\/persona\/pilar-purcell\/\"\n\t\tclass=\"person-card__inner js-person-modal\"\n\t\tdata-post-id=\"105\"\n\t\tdata-postid=\"105\"\n\t>\n\t\t\t<div class=\"person-card__media\">\n\t\t\t<img loading=\"lazy\" decoding=\"async\" width=\"500\" height=\"500\" src=\"https:\/\/educacion.udd.cl\/aprendizaje180\/files\/2020\/11\/pilar-purcell-750x750-1-62x62.jpg\" class=\"person-card__image wp-post-image lazyload\" alt=\"\" sizes=\"auto, (max-width: 500px) 100vw, 500px\" data-src=\"https:\/\/educacion.udd.cl\/aprendizaje180\/files\/2020\/11\/pilar-purcell-750x750-1-500x500.jpg\" data-srcset=\"https:\/\/educacion.udd.cl\/aprendizaje180\/files\/2020\/11\/pilar-purcell-750x750-1-500x500.jpg 500w, https:\/\/educacion.udd.cl\/aprendizaje180\/files\/2020\/11\/pilar-purcell-750x750-1-300x300.jpg 300w, https:\/\/educacion.udd.cl\/aprendizaje180\/files\/2020\/11\/pilar-purcell-750x750-1-150x150.jpg 150w, https:\/\/educacion.udd.cl\/aprendizaje180\/files\/2020\/11\/pilar-purcell-750x750-1-62x62.jpg 62w, https:\/\/educacion.udd.cl\/aprendizaje180\/files\/2020\/11\/pilar-purcell-750x750-1-250x250.jpg 250w, https:\/\/educacion.udd.cl\/aprendizaje180\/files\/2020\/11\/pilar-purcell-750x750-1-126x126.jpg 126w, https:\/\/educacion.udd.cl\/aprendizaje180\/files\/2020\/11\/pilar-purcell-750x750-1.jpg 750w\" \/>\t\t<\/div>\n\t\t\t<div class=\"person-card__content\">\n\t\t\t<h3 class=\"person-card__name\">Pilar Purcell<\/h3>\n\t\t\t\t\t<span class=\"person-card__description\">Coordinadora de Proyectos \/ Semana i<\/span>\n\t\t\t\t\t<span class=\"person-card__cta\">Ver perfil<\/span>\n\t\t<\/div>\n\t<\/a>\n<\/div>\n\t\t\t\t\t<div class=\"person-card\">\n\t<a href=\"https:\/\/educacion.udd.cl\/aprendizaje180\/persona\/claudia-godia\/\"\n\t\tclass=\"person-card__inner js-person-modal\"\n\t\tdata-post-id=\"106\"\n\t\tdata-postid=\"106\"\n\t>\n\t\t\t<div class=\"person-card__media\">\n\t\t\t<img loading=\"lazy\" decoding=\"async\" width=\"500\" height=\"500\" src=\"https:\/\/educacion.udd.cl\/aprendizaje180\/files\/2020\/11\/equipo021-62x62.jpg\" class=\"person-card__image wp-post-image lazyload\" alt=\"\" sizes=\"auto, (max-width: 500px) 100vw, 500px\" data-src=\"https:\/\/educacion.udd.cl\/aprendizaje180\/files\/2020\/11\/equipo021-500x500.jpg\" data-srcset=\"https:\/\/educacion.udd.cl\/aprendizaje180\/files\/2020\/11\/equipo021-500x500.jpg 500w, https:\/\/educacion.udd.cl\/aprendizaje180\/files\/2020\/11\/equipo021-300x300.jpg 300w, https:\/\/educacion.udd.cl\/aprendizaje180\/files\/2020\/11\/equipo021-150x150.jpg 150w, https:\/\/educacion.udd.cl\/aprendizaje180\/files\/2020\/11\/equipo021-62x62.jpg 62w, https:\/\/educacion.udd.cl\/aprendizaje180\/files\/2020\/11\/equipo021-250x250.jpg 250w, https:\/\/educacion.udd.cl\/aprendizaje180\/files\/2020\/11\/equipo021-126x126.jpg 126w, https:\/\/educacion.udd.cl\/aprendizaje180\/files\/2020\/11\/equipo021.jpg 601w\" \/>\t\t<\/div>\n\t\t\t<div class=\"person-card__content\">\n\t\t\t<h3 class=\"person-card__name\">Claudia Godia<\/h3>\n\t\t\t\t\t<span class=\"person-card__description\">Periodista<\/span>\n\t\t\t\t\t<span class=\"person-card__cta\">Ver perfil<\/span>\n\t\t<\/div>\n\t<\/a>\n<\/div>\n\t\t\t\t<\/div>\n\t<\/div>\n<\/section>\n","protected":false},"excerpt":{"rendered":"<p>Misi\u00f3n Impulsar el uso de la tecnolog\u00eda y la innovaci\u00f3n como herramientas para el aprendizaje entre docentes y estudiantes, adem\u00e1s de ser un aporte en mejorar la gesti\u00f3n y administraci\u00f3n en las instituciones, y canalizar la vinculaci\u00f3n con experiencias educativas internacionales en el contexto de la globalizaci\u00f3n, a trav\u00e9s del estudio del dise\u00f1o e implementaci\u00f3n [&hellip;]<\/p>\n","protected":false},"author":9192215,"featured_media":113,"parent":0,"menu_order":0,"comment_status":"closed","ping_status":"closed","template":"","meta":{"footnotes":""},"class_list":["post-19","page","type-page","status-publish","has-post-thumbnail","hentry"],"yoast_head":"<!-- This site is optimized with the Yoast SEO plugin v26.9 - https:\/\/yoast.com\/product\/yoast-seo-wordpress\/ -->\n<title>Qui\u00e9nes Somos - Aprendizaje 180<\/title>\n<meta name=\"robots\" content=\"index, follow, max-snippet:-1, max-image-preview:large, max-video-preview:-1\" \/>\n<link rel=\"canonical\" href=\"https:\/\/educacion.udd.cl\/aprendizaje180\/inicio\/\" \/>\n<meta property=\"og:locale\" content=\"es_ES\" \/>\n<meta property=\"og:type\" content=\"article\" \/>\n<meta property=\"og:title\" content=\"Qui\u00e9nes Somos - Aprendizaje 180\" \/>\n<meta property=\"og:description\" content=\"Misi\u00f3n Impulsar el uso de la tecnolog\u00eda y la innovaci\u00f3n como herramientas para el aprendizaje entre docentes y estudiantes, adem\u00e1s de ser un aporte en mejorar la gesti\u00f3n y administraci\u00f3n en las instituciones, y canalizar la vinculaci\u00f3n con experiencias educativas internacionales en el contexto de la globalizaci\u00f3n, a trav\u00e9s del estudio del dise\u00f1o e implementaci\u00f3n [&hellip;]\" \/>\n<meta property=\"og:url\" content=\"https:\/\/educacion.udd.cl\/aprendizaje180\/inicio\/\" \/>\n<meta property=\"og:site_name\" content=\"Aprendizaje 180\" \/>\n<meta property=\"article:modified_time\" content=\"2020-12-01T01:37:02+00:00\" \/>\n<meta property=\"og:image\" content=\"https:\/\/educacion.udd.cl\/aprendizaje180\/files\/2020\/11\/pexels-startup-stock-photos-212286.jpg\" \/>\n\t<meta property=\"og:image:width\" content=\"1920\" \/>\n\t<meta property=\"og:image:height\" content=\"1280\" \/>\n\t<meta property=\"og:image:type\" content=\"image\/jpeg\" \/>\n<meta name=\"twitter:card\" content=\"summary_large_image\" \/>\n<meta name=\"twitter:label1\" content=\"Tiempo de lectura\" \/>\n\t<meta name=\"twitter:data1\" content=\"1 minuto\" \/>\n<script type=\"application\/ld+json\" class=\"yoast-schema-graph\">{\"@context\":\"https:\/\/schema.org\",\"@graph\":[{\"@type\":\"WebPage\",\"@id\":\"https:\/\/educacion.udd.cl\/aprendizaje180\/inicio\/\",\"url\":\"https:\/\/educacion.udd.cl\/aprendizaje180\/inicio\/\",\"name\":\"Qui\u00e9nes Somos - Aprendizaje 180\",\"isPartOf\":{\"@id\":\"https:\/\/educacion.udd.cl\/aprendizaje180\/#website\"},\"primaryImageOfPage\":{\"@id\":\"https:\/\/educacion.udd.cl\/aprendizaje180\/inicio\/#primaryimage\"},\"image\":{\"@id\":\"https:\/\/educacion.udd.cl\/aprendizaje180\/inicio\/#primaryimage\"},\"thumbnailUrl\":\"https:\/\/educacion.udd.cl\/aprendizaje180\/files\/2020\/11\/pexels-startup-stock-photos-212286.jpg\",\"datePublished\":\"2020-11-25T22:31:27+00:00\",\"dateModified\":\"2020-12-01T01:37:02+00:00\",\"breadcrumb\":{\"@id\":\"https:\/\/educacion.udd.cl\/aprendizaje180\/inicio\/#breadcrumb\"},\"inLanguage\":\"es\",\"potentialAction\":[{\"@type\":\"ReadAction\",\"target\":[\"https:\/\/educacion.udd.cl\/aprendizaje180\/inicio\/\"]}]},{\"@type\":\"ImageObject\",\"inLanguage\":\"es\",\"@id\":\"https:\/\/educacion.udd.cl\/aprendizaje180\/inicio\/#primaryimage\",\"url\":\"https:\/\/educacion.udd.cl\/aprendizaje180\/files\/2020\/11\/pexels-startup-stock-photos-212286.jpg\",\"contentUrl\":\"https:\/\/educacion.udd.cl\/aprendizaje180\/files\/2020\/11\/pexels-startup-stock-photos-212286.jpg\",\"width\":1920,\"height\":1280},{\"@type\":\"BreadcrumbList\",\"@id\":\"https:\/\/educacion.udd.cl\/aprendizaje180\/inicio\/#breadcrumb\",\"itemListElement\":[{\"@type\":\"ListItem\",\"position\":1,\"name\":\"Portada\",\"item\":\"https:\/\/educacion.udd.cl\/aprendizaje180\/\"},{\"@type\":\"ListItem\",\"position\":2,\"name\":\"Qui\u00e9nes Somos\"}]},{\"@type\":\"WebSite\",\"@id\":\"https:\/\/educacion.udd.cl\/aprendizaje180\/#website\",\"url\":\"https:\/\/educacion.udd.cl\/aprendizaje180\/\",\"name\":\"Aprendizaje 180\",\"description\":\"Otro sitio m\u00e1s de Educacion\",\"inLanguage\":\"es\"}]}<\/script>\n<!-- \/ Yoast SEO plugin. -->","yoast_head_json":{"title":"Qui\u00e9nes Somos - Aprendizaje 180","robots":{"index":"index","follow":"follow","max-snippet":"max-snippet:-1","max-image-preview":"max-image-preview:large","max-video-preview":"max-video-preview:-1"},"canonical":"https:\/\/educacion.udd.cl\/aprendizaje180\/inicio\/","og_locale":"es_ES","og_type":"article","og_title":"Qui\u00e9nes Somos - Aprendizaje 180","og_description":"Misi\u00f3n Impulsar el uso de la tecnolog\u00eda y la innovaci\u00f3n como herramientas para el aprendizaje entre docentes y estudiantes, adem\u00e1s de ser un aporte en mejorar la gesti\u00f3n y administraci\u00f3n en las instituciones, y canalizar la vinculaci\u00f3n con experiencias educativas internacionales en el contexto de la globalizaci\u00f3n, a trav\u00e9s del estudio del dise\u00f1o e implementaci\u00f3n [&hellip;]","og_url":"https:\/\/educacion.udd.cl\/aprendizaje180\/inicio\/","og_site_name":"Aprendizaje 180","article_modified_time":"2020-12-01T01:37:02+00:00","og_image":[{"width":1920,"height":1280,"url":"https:\/\/educacion.udd.cl\/aprendizaje180\/files\/2020\/11\/pexels-startup-stock-photos-212286.jpg","type":"image\/jpeg"}],"twitter_card":"summary_large_image","twitter_misc":{"Tiempo de lectura":"1 minuto"},"schema":{"@context":"https:\/\/schema.org","@graph":[{"@type":"WebPage","@id":"https:\/\/educacion.udd.cl\/aprendizaje180\/inicio\/","url":"https:\/\/educacion.udd.cl\/aprendizaje180\/inicio\/","name":"Qui\u00e9nes Somos - Aprendizaje 180","isPartOf":{"@id":"https:\/\/educacion.udd.cl\/aprendizaje180\/#website"},"primaryImageOfPage":{"@id":"https:\/\/educacion.udd.cl\/aprendizaje180\/inicio\/#primaryimage"},"image":{"@id":"https:\/\/educacion.udd.cl\/aprendizaje180\/inicio\/#primaryimage"},"thumbnailUrl":"https:\/\/educacion.udd.cl\/aprendizaje180\/files\/2020\/11\/pexels-startup-stock-photos-212286.jpg","datePublished":"2020-11-25T22:31:27+00:00","dateModified":"2020-12-01T01:37:02+00:00","breadcrumb":{"@id":"https:\/\/educacion.udd.cl\/aprendizaje180\/inicio\/#breadcrumb"},"inLanguage":"es","potentialAction":[{"@type":"ReadAction","target":["https:\/\/educacion.udd.cl\/aprendizaje180\/inicio\/"]}]},{"@type":"ImageObject","inLanguage":"es","@id":"https:\/\/educacion.udd.cl\/aprendizaje180\/inicio\/#primaryimage","url":"https:\/\/educacion.udd.cl\/aprendizaje180\/files\/2020\/11\/pexels-startup-stock-photos-212286.jpg","contentUrl":"https:\/\/educacion.udd.cl\/aprendizaje180\/files\/2020\/11\/pexels-startup-stock-photos-212286.jpg","width":1920,"height":1280},{"@type":"BreadcrumbList","@id":"https:\/\/educacion.udd.cl\/aprendizaje180\/inicio\/#breadcrumb","itemListElement":[{"@type":"ListItem","position":1,"name":"Portada","item":"https:\/\/educacion.udd.cl\/aprendizaje180\/"},{"@type":"ListItem","position":2,"name":"Qui\u00e9nes Somos"}]},{"@type":"WebSite","@id":"https:\/\/educacion.udd.cl\/aprendizaje180\/#website","url":"https:\/\/educacion.udd.cl\/aprendizaje180\/","name":"Aprendizaje 180","description":"Otro sitio m\u00e1s de Educacion","inLanguage":"es"}]}},"_links":{"self":[{"href":"https:\/\/educacion.udd.cl\/aprendizaje180\/wp-json\/wp\/v2\/pages\/19","targetHints":{"allow":["GET"]}}],"collection":[{"href":"https:\/\/educacion.udd.cl\/aprendizaje180\/wp-json\/wp\/v2\/pages"}],"about":[{"href":"https:\/\/educacion.udd.cl\/aprendizaje180\/wp-json\/wp\/v2\/types\/page"}],"author":[{"embeddable":true,"href":"https:\/\/educacion.udd.cl\/aprendizaje180\/wp-json\/wp\/v2\/users\/9192215"}],"replies":[{"embeddable":true,"href":"https:\/\/educacion.udd.cl\/aprendizaje180\/wp-json\/wp\/v2\/comments?post=19"}],"version-history":[{"count":27,"href":"https:\/\/educacion.udd.cl\/aprendizaje180\/wp-json\/wp\/v2\/pages\/19\/revisions"}],"predecessor-version":[{"id":228,"href":"https:\/\/educacion.udd.cl\/aprendizaje180\/wp-json\/wp\/v2\/pages\/19\/revisions\/228"}],"wp:featuredmedia":[{"embeddable":true,"href":"https:\/\/educacion.udd.cl\/aprendizaje180\/wp-json\/wp\/v2\/media\/113"}],"wp:attachment":[{"href":"https:\/\/educacion.udd.cl\/aprendizaje180\/wp-json\/wp\/v2\/media?parent=19"}],"curies":[{"name":"wp","href":"https:\/\/api.w.org\/{rel}","templated":true}]}}